{"id":20,"date":"2025-07-09T09:24:31","date_gmt":"2025-07-09T09:24:31","guid":{"rendered":"https:\/\/greennewhome.erasmus.site\/?page_id=20"},"modified":"2025-11-05T09:16:48","modified_gmt":"2025-11-05T09:16:48","slug":"home","status":"publish","type":"page","link":"https:\/\/greennewhome.erasmus.site\/pl\/","title":{"rendered":"Strona g\u0142\u00f3wna"},"content":{"rendered":"\t\t<div data-elementor-type=\"wp-page\" data-elementor-id=\"20\" class=\"elementor elementor-20\">\n\t\t\t\t<div class=\"elementor-element elementor-element-a2e8895 e-flex e-con-boxed elementor-invisible e-con e-parent\" data-id=\"a2e8895\" data-element_type=\"container\" data-e-type=\"container\" data-settings=\"{&quot;background_background&quot;:&quot;classic&quot;,&quot;animation&quot;:&quot;fadeIn&quot;}\">\n\t\t\t\t\t<div class=\"e-con-inner\">\n\t\t<div class=\"elementor-element elementor-element-062648b e-con-full e-flex e-con e-child\" data-id=\"062648b\" data-element_type=\"container\" data-e-type=\"container\" data-settings=\"{&quot;background_background&quot;:&quot;classic&quot;}\">\n\t\t\t\t<div class=\"elementor-element elementor-element-cb84da4 elementor-widget elementor-widget-heading\" data-id=\"cb84da4\" data-element_type=\"widget\" data-e-type=\"widget\" data-widget_type=\"heading.default\">\n\t\t\t\t\t<h1 class=\"elementor-heading-title elementor-size-default\">Green New Home<\/h1>\t\t\t\t<\/div>\n\t\t\t\t<div class=\"elementor-element elementor-element-64e10b7 elementor-widget elementor-widget-text-editor\" data-id=\"64e10b7\" data-element_type=\"widget\" data-e-type=\"widget\" data-widget_type=\"text-editor.default\">\n\t\t\t\t\t\t\t\t\t<p>Sektor: Edukacja doros\u0142ych<br \/>Numer projektu: 2024-1-DE02-KA220-ADU-000244995<br \/>Czas trwania projektu: 01.11.2024 \u2013 31.10.2026<\/p>\t\t\t\t\t\t\t\t<\/div>\n\t\t\t\t<\/div>\n\t\t\t\t\t<\/div>\n\t\t\t\t<\/div>\n\t\t<div class=\"elementor-element elementor-element-76cfb72 e-flex e-con-boxed elementor-invisible e-con e-parent\" data-id=\"76cfb72\" data-element_type=\"container\" data-e-type=\"container\" data-settings=\"{&quot;animation&quot;:&quot;fadeInLeft&quot;}\">\n\t\t\t\t\t<div class=\"e-con-inner\">\n\t\t<div class=\"elementor-element elementor-element-cac2436 e-con-full e-flex e-con e-child\" data-id=\"cac2436\" data-element_type=\"container\" data-e-type=\"container\">\n\t\t\t\t<div class=\"elementor-element elementor-element-1c292c3 elementor-widget elementor-widget-menu-anchor\" data-id=\"1c292c3\" data-element_type=\"widget\" data-e-type=\"widget\" data-widget_type=\"menu-anchor.default\">\n\t\t\t\t\t\t\t<div class=\"elementor-menu-anchor\" id=\"about\"><\/div>\n\t\t\t\t\t\t<\/div>\n\t\t\t\t<div class=\"elementor-element elementor-element-cbee891 elementor-widget elementor-widget-heading\" data-id=\"cbee891\" data-element_type=\"widget\" data-e-type=\"widget\" data-widget_type=\"heading.default\">\n\t\t\t\t\t<h2 class=\"elementor-heading-title elementor-size-default\">O projekcie<\/h2>\t\t\t\t<\/div>\n\t\t\t\t<div class=\"elementor-element elementor-element-fc95b54 elementor-widget elementor-widget-text-editor\" data-id=\"fc95b54\" data-element_type=\"widget\" data-e-type=\"widget\" data-widget_type=\"text-editor.default\">\n\t\t\t\t\t\t\t\t\t<p><\/p><p>Projekt Green New Home wspiera spo\u0142eczn\u0105 i ekonomiczn\u0105 integracj\u0119 os\u00f3b doros\u0142ych znajduj\u0105cych si\u0119 w niekorzystnej sytuacji, w szczeg\u00f3lno\u015bci migrant\u00f3w i uchod\u017ac\u00f3w, poprzez rozwijanie zr\u00f3wnowa\u017conej przedsi\u0119biorczo\u015bci oraz zach\u0119canie do ekologicznych i odpowiedzialnych praktyk. Uznaj\u0105c rosn\u0105c\u0105 potrzeb\u0119 dzia\u0142a\u0144 na rzecz klimatu oraz wsparcia proces\u00f3w integracyjnych, projekt koncentruje si\u0119 na rozwijaniu kluczowych kompetencji, warto\u015bci i motywacji niezb\u0119dnych do aktywnego uczestnictwa w zielonej gospodarce.<\/p><p>Jednocze\u015bnie wzmacnia on umiej\u0119tno\u015bci edukator\u00f3w doros\u0142ych, umo\u017cliwiaj\u0105c im prowadzenie skutecznych i inkluzywnych szkole\u0144 odpowiadaj\u0105cych na zr\u00f3\u017cnicowane potrzeby uczestnik\u00f3w. \u0141\u0105cz\u0105c wiedz\u0119 opart\u0105 na badaniach z nowoczesnymi strategiami edukacyjnymi i wsp\u00f3\u0142prac\u0105 mi\u0119dzysektorow\u0105, projekt Green New Home przyczynia si\u0119 do budowania silniejszych, bardziej odpornych spo\u0142eczno\u015bci, przygotowanych do sprostania wyzwaniom zr\u00f3wnowa\u017conego rozwoju oraz sp\u00f3jno\u015bci spo\u0142ecznej.\u00a0<\/p>\t\t\t\t\t\t\t\t<\/div>\n\t\t\t\t<\/div>\n\t\t<div class=\"elementor-element elementor-element-a4d560f e-con-full e-flex e-con e-child\" data-id=\"a4d560f\" data-element_type=\"container\" data-e-type=\"container\">\n\t\t\t\t<div class=\"elementor-element elementor-element-b1d72db elementor-widget elementor-widget-image\" data-id=\"b1d72db\" data-element_type=\"widget\" data-e-type=\"widget\" data-widget_type=\"image.default\">\n\t\t\t\t\t\t\t\t\t\t\t\t\t\t\t<img fetchpriority=\"high\" decoding=\"async\" width=\"1024\" height=\"683\" src=\"https:\/\/greennewhome.erasmus.site\/wp-content\/uploads\/2025\/07\/grupa-biznesowa-omawiajaca-polityke-przyjaznego-dla-srodowiska-gospodarowania-odpadami-scaled-1024x683.webp\" class=\"attachment-large size-large wp-image-29\" alt=\"\" srcset=\"https:\/\/greennewhome.erasmus.site\/wp-content\/uploads\/2025\/07\/grupa-biznesowa-omawiajaca-polityke-przyjaznego-dla-srodowiska-gospodarowania-odpadami-scaled-1024x683.webp 1024w, https:\/\/greennewhome.erasmus.site\/wp-content\/uploads\/2025\/07\/grupa-biznesowa-omawiajaca-polityke-przyjaznego-dla-srodowiska-gospodarowania-odpadami-scaled-300x200.webp 300w, https:\/\/greennewhome.erasmus.site\/wp-content\/uploads\/2025\/07\/grupa-biznesowa-omawiajaca-polityke-przyjaznego-dla-srodowiska-gospodarowania-odpadami-scaled-768x512.webp 768w, https:\/\/greennewhome.erasmus.site\/wp-content\/uploads\/2025\/07\/grupa-biznesowa-omawiajaca-polityke-przyjaznego-dla-srodowiska-gospodarowania-odpadami-scaled-1536x1024.webp 1536w, https:\/\/greennewhome.erasmus.site\/wp-content\/uploads\/2025\/07\/grupa-biznesowa-omawiajaca-polityke-przyjaznego-dla-srodowiska-gospodarowania-odpadami-scaled-2048x1366.webp 2048w, https:\/\/greennewhome.erasmus.site\/wp-content\/uploads\/2025\/07\/grupa-biznesowa-omawiajaca-polityke-przyjaznego-dla-srodowiska-gospodarowania-odpadami-scaled-930x620.webp 930w, https:\/\/greennewhome.erasmus.site\/wp-content\/uploads\/2025\/07\/grupa-biznesowa-omawiajaca-polityke-przyjaznego-dla-srodowiska-gospodarowania-odpadami-scaled-24x16.webp 24w, https:\/\/greennewhome.erasmus.site\/wp-content\/uploads\/2025\/07\/grupa-biznesowa-omawiajaca-polityke-przyjaznego-dla-srodowiska-gospodarowania-odpadami-scaled-36x24.webp 36w, https:\/\/greennewhome.erasmus.site\/wp-content\/uploads\/2025\/07\/grupa-biznesowa-omawiajaca-polityke-przyjaznego-dla-srodowiska-gospodarowania-odpadami-scaled-48x32.webp 48w\" sizes=\"(max-width: 1024px) 100vw, 1024px\" \/>\t\t\t\t\t\t\t\t\t\t\t\t\t\t\t<\/div>\n\t\t\t\t<\/div>\n\t\t\t\t\t<\/div>\n\t\t\t\t<\/div>\n\t\t<div class=\"elementor-element elementor-element-d940b0c e-flex e-con-boxed elementor-invisible e-con e-parent\" data-id=\"d940b0c\" data-element_type=\"container\" data-e-type=\"container\" data-settings=\"{&quot;animation&quot;:&quot;fadeInRight&quot;}\">\n\t\t\t\t\t<div class=\"e-con-inner\">\n\t\t\t\t<div class=\"elementor-element elementor-element-e74f280 elementor-widget elementor-widget-menu-anchor\" data-id=\"e74f280\" data-element_type=\"widget\" data-e-type=\"widget\" data-widget_type=\"menu-anchor.default\">\n\t\t\t\t\t\t\t<div class=\"elementor-menu-anchor\" id=\"results\"><\/div>\n\t\t\t\t\t\t<\/div>\n\t\t<div class=\"elementor-element elementor-element-a1390e7 e-flex e-con-boxed e-con e-child\" data-id=\"a1390e7\" data-element_type=\"container\" data-e-type=\"container\">\n\t\t\t\t\t<div class=\"e-con-inner\">\n\t\t\t\t<div class=\"elementor-element elementor-element-c3bd809 elementor-widget elementor-widget-heading\" data-id=\"c3bd809\" data-element_type=\"widget\" data-e-type=\"widget\" data-widget_type=\"heading.default\">\n\t\t\t\t\t<h2 class=\"elementor-heading-title elementor-size-default\">Rezultaty projektu<\/h2>\t\t\t\t<\/div>\n\t\t\t\t\t<\/div>\n\t\t\t\t<\/div>\n\t\t\t\t<div class=\"elementor-element elementor-element-7e9e080 elementor-tabs-view-horizontal elementor-widget elementor-widget-tabs\" data-id=\"7e9e080\" data-element_type=\"widget\" data-e-type=\"widget\" data-widget_type=\"tabs.default\">\n\t\t\t\t\t\t\t<div class=\"elementor-tabs\">\n\t\t\t<div class=\"elementor-tabs-wrapper\" role=\"tablist\" >\n\t\t\t\t\t\t\t\t\t<div id=\"elementor-tab-title-1321\" class=\"elementor-tab-title elementor-tab-desktop-title\" aria-selected=\"true\" data-tab=\"1\" role=\"tab\" tabindex=\"0\" aria-controls=\"elementor-tab-content-1321\" aria-expanded=\"false\">Definicja kluczowych kompetencji i umiej\u0119tno\u015bci<\/div>\n\t\t\t\t\t\t\t\t\t<div id=\"elementor-tab-title-1322\" class=\"elementor-tab-title elementor-tab-desktop-title\" aria-selected=\"false\" data-tab=\"2\" role=\"tab\" tabindex=\"-1\" aria-controls=\"elementor-tab-content-1322\" aria-expanded=\"false\">Platforma oceny i szkolenia (ATS)<\/div>\n\t\t\t\t\t\t\t\t\t<div id=\"elementor-tab-title-1323\" class=\"elementor-tab-title elementor-tab-desktop-title\" aria-selected=\"false\" data-tab=\"3\" role=\"tab\" tabindex=\"-1\" aria-controls=\"elementor-tab-content-1323\" aria-expanded=\"false\">Spersonalizowana aplikacja mobilna \u201eKreator strategii\u201d<\/div>\n\t\t\t\t\t\t\t<\/div>\n\t\t\t<div class=\"elementor-tabs-content-wrapper\" role=\"tablist\" aria-orientation=\"vertical\">\n\t\t\t\t\t\t\t\t\t<div class=\"elementor-tab-title elementor-tab-mobile-title\" aria-selected=\"true\" data-tab=\"1\" role=\"tab\" tabindex=\"0\" aria-controls=\"elementor-tab-content-1321\" aria-expanded=\"false\">Definicja kluczowych kompetencji i umiej\u0119tno\u015bci<\/div>\n\t\t\t\t\t<div id=\"elementor-tab-content-1321\" class=\"elementor-tab-content elementor-clearfix\" data-tab=\"1\" role=\"tabpanel\" aria-labelledby=\"elementor-tab-title-1321\" tabindex=\"0\" hidden=\"false\"><p>Kompleksowe ramy opracowane w ramach trzyetapowego procesu badawczego w celu zidentyfikowania kluczowych kompetencji, kt\u00f3rych migranci i uchod\u017acy potrzebuj\u0105, aby odnie\u015b\u0107 sukces jako przedsi\u0119biorcy dzia\u0142aj\u0105cy zgodnie z zasadami zr\u00f3wnowa\u017conego rozwoju. Rezultat ten gwarantuje, \u017ce wszystkie szkolenia i narz\u0119dzia s\u0105 oparte na rzeczywistych potrzebach i aktualnych wymaganiach rynku pracy w dziedzinie zielonej przedsi\u0119biorczo\u015bci. S\u0142u\u017cy r\u00f3wnie\u017c jako wsp\u00f3lny punkt odniesienia dla nauczycieli i organizacji wspieraj\u0105cych podnoszenie kwalifikacji os\u00f3b znajduj\u0105cych si\u0119 w niekorzystnej sytuacji.<\/p><\/div>\n\t\t\t\t\t\t\t\t\t<div class=\"elementor-tab-title elementor-tab-mobile-title\" aria-selected=\"false\" data-tab=\"2\" role=\"tab\" tabindex=\"-1\" aria-controls=\"elementor-tab-content-1322\" aria-expanded=\"false\">Platforma oceny i szkolenia (ATS)<\/div>\n\t\t\t\t\t<div id=\"elementor-tab-content-1322\" class=\"elementor-tab-content elementor-clearfix\" data-tab=\"2\" role=\"tabpanel\" aria-labelledby=\"elementor-tab-title-1322\" tabindex=\"0\" hidden=\"hidden\"><p>Platforma internetowa, kt\u00f3ra umo\u017cliwia osobom ucz\u0105cym si\u0119 ocen\u0119 ich aktualnych umiej\u0119tno\u015bci i dost\u0119p do ukierunkowanych szkole\u0144 opartych na okre\u015blonych kompetencjach. Zapewnia elastyczne i integracyjne \u015brodowisko uczenia si\u0119, umo\u017cliwiaj\u0105c u\u017cytkownikom post\u0119py we w\u0142asnym tempie i zgodnie z ich indywidualnymi potrzebami. ATS wspiera autonomi\u0119 i pewno\u015b\u0107 siebie, pomagaj\u0105c uczniom aktywnie anga\u017cowa\u0107 si\u0119 w rozw\u00f3j osobisty i zawodowy.<\/p><\/div>\n\t\t\t\t\t\t\t\t\t<div class=\"elementor-tab-title elementor-tab-mobile-title\" aria-selected=\"false\" data-tab=\"3\" role=\"tab\" tabindex=\"-1\" aria-controls=\"elementor-tab-content-1323\" aria-expanded=\"false\">Spersonalizowana aplikacja mobilna \u201eKreator strategii\u201d<\/div>\n\t\t\t\t\t<div id=\"elementor-tab-content-1323\" class=\"elementor-tab-content elementor-clearfix\" data-tab=\"3\" role=\"tabpanel\" aria-labelledby=\"elementor-tab-title-1323\" tabindex=\"0\" hidden=\"hidden\"><p>Przyjazna dla u\u017cytkownika aplikacja mobilna, kt\u00f3ra pomaga uczniom w tworzeniu w\u0142asnej strategii, aby sta\u0107 si\u0119 zr\u00f3wnowa\u017conymi przedsi\u0119biorcami. Aplikacja umo\u017cliwia u\u017cytkownikom podejmowanie \u015bwiadomych decyzji i podejmowanie konkretnych krok\u00f3w w kierunku uruchomienia i zarz\u0105dzania zielonym biznesem. Wspiera uczenie si\u0119 przez ca\u0142e \u017cycie, zach\u0119caj\u0105c do ci\u0105g\u0142ej autorefleksji i wyznaczania d\u0142ugoterminowych cel\u00f3w.<\/p><\/div>\n\t\t\t\t\t\t\t<\/div>\n\t\t<\/div>\n\t\t\t\t\t\t<\/div>\n\t\t\t\t\t<\/div>\n\t\t\t\t<\/div>\n\t\t<div class=\"elementor-element elementor-element-d38ecd0 e-flex e-con-boxed elementor-invisible e-con e-parent\" data-id=\"d38ecd0\" data-element_type=\"container\" data-e-type=\"container\" data-settings=\"{&quot;animation&quot;:&quot;fadeInRight&quot;}\">\n\t\t\t\t\t<div class=\"e-con-inner\">\n\t\t\t\t<div class=\"elementor-element elementor-element-3e79527 elementor-widget elementor-widget-menu-anchor\" data-id=\"3e79527\" data-element_type=\"widget\" data-e-type=\"widget\" data-widget_type=\"menu-anchor.default\">\n\t\t\t\t\t\t\t<div class=\"elementor-menu-anchor\" id=\"partners\"><\/div>\n\t\t\t\t\t\t<\/div>\n\t\t\t\t<div class=\"elementor-element elementor-element-a0d7e0e elementor-widget elementor-widget-heading\" data-id=\"a0d7e0e\" data-element_type=\"widget\" data-e-type=\"widget\" data-widget_type=\"heading.default\">\n\t\t\t\t\t<h2 class=\"elementor-heading-title elementor-size-default\">Partnerstwo<\/h2>\t\t\t\t<\/div>\n\t\t\t\t\t<\/div>\n\t\t\t\t<\/div>\n\t\t<div class=\"elementor-element elementor-element-2adaa58 e-grid e-con-boxed elementor-invisible e-con e-parent\" data-id=\"2adaa58\" data-element_type=\"container\" data-e-type=\"container\" data-settings=\"{&quot;animation&quot;:&quot;fadeInLeft&quot;}\">\n\t\t\t\t\t<div class=\"e-con-inner\">\n\t\t\t\t<div class=\"elementor-element elementor-element-2a9d451 elementor-widget elementor-widget-text-editor\" data-id=\"2a9d451\" data-element_type=\"widget\" data-e-type=\"widget\" data-widget_type=\"text-editor.default\">\n\t\t\t\t\t\t\t\t\t\r\n\t<div class=\"paoc-image-popup\">\r\n\t\t<a class=\"paoc-popup-click paoc-popup-cust-54 paoc-popup-image paoc-popup-image\" href=\"javascript:void(0);\"><img decoding=\"async\" class=\"popupaoc-img\" src=\"https:\/\/greennewhome.erasmus.site\/wp-content\/uploads\/2025\/07\/ib.webp\" alt=\"\" \/><\/a>\r\n\r\n\t\t\t<\/div>\r\n\r\n\t\t\t\t\t\t\t\t<\/div>\n\t\t\t\t<div class=\"elementor-element elementor-element-75b642d elementor-widget elementor-widget-text-editor\" data-id=\"75b642d\" data-element_type=\"widget\" data-e-type=\"widget\" data-widget_type=\"text-editor.default\">\n\t\t\t\t\t\t\t\t\t\r\n\t<div class=\"paoc-image-popup\">\r\n\t\t<a class=\"paoc-popup-click paoc-popup-cust-59 paoc-popup-image paoc-popup-image\" href=\"javascript:void(0);\"><img decoding=\"async\" class=\"popupaoc-img\" src=\"https:\/\/greennewhome.erasmus.site\/wp-content\/uploads\/2025\/07\/danmar.webp\" alt=\"\" \/><\/a>\r\n\r\n\t\t\t<\/div>\r\n\r\n\t\t\t\t\t\t\t\t<\/div>\n\t\t\t\t<div class=\"elementor-element elementor-element-df303b6 elementor-widget elementor-widget-text-editor\" data-id=\"df303b6\" data-element_type=\"widget\" data-e-type=\"widget\" data-widget_type=\"text-editor.default\">\n\t\t\t\t\t\t\t\t\t\r\n\t<div class=\"paoc-image-popup\">\r\n\t\t<a class=\"paoc-popup-click paoc-popup-cust-64 paoc-popup-image paoc-popup-image\" href=\"javascript:void(0);\"><img decoding=\"async\" class=\"popupaoc-img\" src=\"https:\/\/greennewhome.erasmus.site\/wp-content\/uploads\/2025\/07\/innoeusaphiere.webp\" alt=\"\" \/><\/a>\r\n\r\n\t\t\t<\/div>\r\n\r\n\t\t\t\t\t\t\t\t<\/div>\n\t\t\t\t\t<\/div>\n\t\t\t\t<\/div>\n\t\t<div class=\"elementor-element elementor-element-2f821cb e-grid e-con-boxed elementor-invisible e-con e-parent\" data-id=\"2f821cb\" data-element_type=\"container\" data-e-type=\"container\" data-settings=\"{&quot;animation&quot;:&quot;fadeInRight&quot;}\">\n\t\t\t\t\t<div class=\"e-con-inner\">\n\t\t\t\t<div class=\"elementor-element elementor-element-935e55e elementor-widget elementor-widget-text-editor\" data-id=\"935e55e\" data-element_type=\"widget\" data-e-type=\"widget\" data-widget_type=\"text-editor.default\">\n\t\t\t\t\t\t\t\t\t\r\n\t<div class=\"paoc-image-popup\">\r\n\t\t<a class=\"paoc-popup-click paoc-popup-cust-69 paoc-popup-image paoc-popup-image\" href=\"javascript:void(0);\"><img decoding=\"async\" class=\"popupaoc-img\" src=\"https:\/\/greennewhome.erasmus.site\/wp-content\/uploads\/2025\/07\/kainotomia.webp\" alt=\"\" \/><\/a>\r\n\r\n\t\t\t<\/div>\r\n\r\n\t\t\t\t\t\t\t\t<\/div>\n\t\t\t\t<div class=\"elementor-element elementor-element-9fae424 elementor-widget elementor-widget-text-editor\" data-id=\"9fae424\" data-element_type=\"widget\" data-e-type=\"widget\" data-widget_type=\"text-editor.default\">\n\t\t\t\t\t\t\t\t\t\r\n\t<div class=\"paoc-image-popup\">\r\n\t\t<a class=\"paoc-popup-click paoc-popup-cust-74 paoc-popup-image paoc-popup-image\" href=\"javascript:void(0);\"><img decoding=\"async\" class=\"popupaoc-img\" src=\"https:\/\/greennewhome.erasmus.site\/wp-content\/uploads\/2025\/07\/land.webp\" alt=\"\" \/><\/a>\r\n\r\n\t\t\t<\/div>\r\n\r\n\t\t\t\t\t\t\t\t<\/div>\n\t\t\t\t<div class=\"elementor-element elementor-element-8b1e8b4 elementor-widget elementor-widget-text-editor\" data-id=\"8b1e8b4\" data-element_type=\"widget\" data-e-type=\"widget\" data-widget_type=\"text-editor.default\">\n\t\t\t\t\t\t\t\t\t\r\n\t<div class=\"paoc-image-popup\">\r\n\t\t<a class=\"paoc-popup-click paoc-popup-cust-79 paoc-popup-image paoc-popup-image\" href=\"javascript:void(0);\"><img decoding=\"async\" class=\"popupaoc-img\" src=\"https:\/\/greennewhome.erasmus.site\/wp-content\/uploads\/2025\/07\/susic.webp\" alt=\"\" \/><\/a>\r\n\r\n\t\t\t<\/div>\r\n\r\n\t\t\t\t\t\t\t\t<\/div>\n\t\t\t\t\t<\/div>\n\t\t\t\t<\/div>\n\t\t<div class=\"elementor-element elementor-element-b515722 e-flex e-con-boxed e-con e-parent\" data-id=\"b515722\" data-element_type=\"container\" data-e-type=\"container\">\n\t\t\t\t\t<div class=\"e-con-inner\">\n\t\t\t\t\t<\/div>\n\t\t\t\t<\/div>\n\t\t\t\t<\/div>\n\t\t","protected":false},"excerpt":{"rendered":"<p>Green New Home Sektor: Edukacja doros\u0142ychNumer projektu: 2024-1-DE02-KA220-ADU-000244995Czas trwania projektu: 01.11.2024 \u2013 31.10.2026 O projekcie Projekt Green New Home wspiera spo\u0142eczn\u0105 i ekonomiczn\u0105 integracj\u0119 os\u00f3b doros\u0142ych znajduj\u0105cych si\u0119 w niekorzystnej sytuacji, w szczeg\u00f3lno\u015bci migrant\u00f3w i uchod\u017ac\u00f3w, poprzez rozwijanie zr\u00f3wnowa\u017conej przedsi\u0119biorczo\u015bci oraz zach\u0119canie do ekologicznych i odpowiedzialnych praktyk. Uznaj\u0105c rosn\u0105c\u0105 potrzeb\u0119 dzia\u0142a\u0144 na rzecz klimatu oraz&hellip;&nbsp;<\/p>\n","protected":false},"author":1,"featured_media":0,"parent":0,"menu_order":0,"comment_status":"closed","ping_status":"closed","template":"page-templates\/template-pagebuilder-full-width.php","meta":{"neve_meta_sidebar":"","neve_meta_container":"","neve_meta_enable_content_width":"off","neve_meta_content_width":100,"neve_meta_title_alignment":"","neve_meta_author_avatar":"","neve_post_elements_order":"","neve_meta_disable_header":"","neve_meta_disable_footer":"","neve_meta_disable_title":"","footnotes":""},"class_list":["post-20","page","type-page","status-publish","hentry"],"_links":{"self":[{"href":"https:\/\/greennewhome.erasmus.site\/pl\/wp-json\/wp\/v2\/pages\/20","targetHints":{"allow":["GET"]}}],"collection":[{"href":"https:\/\/greennewhome.erasmus.site\/pl\/wp-json\/wp\/v2\/pages"}],"about":[{"href":"https:\/\/greennewhome.erasmus.site\/pl\/wp-json\/wp\/v2\/types\/page"}],"author":[{"embeddable":true,"href":"https:\/\/greennewhome.erasmus.site\/pl\/wp-json\/wp\/v2\/users\/1"}],"replies":[{"embeddable":true,"href":"https:\/\/greennewhome.erasmus.site\/pl\/wp-json\/wp\/v2\/comments?post=20"}],"version-history":[{"count":89,"href":"https:\/\/greennewhome.erasmus.site\/pl\/wp-json\/wp\/v2\/pages\/20\/revisions"}],"predecessor-version":[{"id":210,"href":"https:\/\/greennewhome.erasmus.site\/pl\/wp-json\/wp\/v2\/pages\/20\/revisions\/210"}],"wp:attachment":[{"href":"https:\/\/greennewhome.erasmus.site\/pl\/wp-json\/wp\/v2\/media?parent=20"}],"curies":[{"name":"wp","href":"https:\/\/api.w.org\/{rel}","templated":true}]}}