{"id":20,"date":"2025-07-09T09:24:31","date_gmt":"2025-07-09T09:24:31","guid":{"rendered":"https:\/\/greennewhome.erasmus.site\/?page_id=20"},"modified":"2025-11-05T09:16:48","modified_gmt":"2025-11-05T09:16:48","slug":"home","status":"publish","type":"page","link":"https:\/\/greennewhome.erasmus.site\/it\/","title":{"rendered":"Home"},"content":{"rendered":"\t\t<div data-elementor-type=\"wp-page\" data-elementor-id=\"20\" class=\"elementor elementor-20\">\n\t\t\t\t<div class=\"elementor-element elementor-element-a2e8895 e-flex e-con-boxed elementor-invisible e-con e-parent\" data-id=\"a2e8895\" data-element_type=\"container\" data-e-type=\"container\" data-settings=\"{&quot;background_background&quot;:&quot;classic&quot;,&quot;animation&quot;:&quot;fadeIn&quot;}\">\n\t\t\t\t\t<div class=\"e-con-inner\">\n\t\t<div class=\"elementor-element elementor-element-062648b e-con-full e-flex e-con e-child\" data-id=\"062648b\" data-element_type=\"container\" data-e-type=\"container\" data-settings=\"{&quot;background_background&quot;:&quot;classic&quot;}\">\n\t\t\t\t<div class=\"elementor-element elementor-element-cb84da4 elementor-widget elementor-widget-heading\" data-id=\"cb84da4\" data-element_type=\"widget\" data-e-type=\"widget\" data-widget_type=\"heading.default\">\n\t\t\t\t\t<h1 class=\"elementor-heading-title elementor-size-default\">Green New Home<\/h1>\t\t\t\t<\/div>\n\t\t\t\t<div class=\"elementor-element elementor-element-64e10b7 elementor-widget elementor-widget-text-editor\" data-id=\"64e10b7\" data-element_type=\"widget\" data-e-type=\"widget\" data-widget_type=\"text-editor.default\">\n\t\t\t\t\t\t\t\t\t<p>Settore: Educazione degli adulti<br \/>Numero progetto: 2024-1-DE02-KA220-ADU-000244995<br \/>Durata del progetto: 01.11.2024 \u2013 31.10.2026<\/p>\t\t\t\t\t\t\t\t<\/div>\n\t\t\t\t<\/div>\n\t\t\t\t\t<\/div>\n\t\t\t\t<\/div>\n\t\t<div class=\"elementor-element elementor-element-76cfb72 e-flex e-con-boxed elementor-invisible e-con e-parent\" data-id=\"76cfb72\" data-element_type=\"container\" data-e-type=\"container\" data-settings=\"{&quot;animation&quot;:&quot;fadeInLeft&quot;}\">\n\t\t\t\t\t<div class=\"e-con-inner\">\n\t\t<div class=\"elementor-element elementor-element-cac2436 e-con-full e-flex e-con e-child\" data-id=\"cac2436\" data-element_type=\"container\" data-e-type=\"container\">\n\t\t\t\t<div class=\"elementor-element elementor-element-1c292c3 elementor-widget elementor-widget-menu-anchor\" data-id=\"1c292c3\" data-element_type=\"widget\" data-e-type=\"widget\" data-widget_type=\"menu-anchor.default\">\n\t\t\t\t\t\t\t<div class=\"elementor-menu-anchor\" id=\"about\"><\/div>\n\t\t\t\t\t\t<\/div>\n\t\t\t\t<div class=\"elementor-element elementor-element-cbee891 elementor-widget elementor-widget-heading\" data-id=\"cbee891\" data-element_type=\"widget\" data-e-type=\"widget\" data-widget_type=\"heading.default\">\n\t\t\t\t\t<h2 class=\"elementor-heading-title elementor-size-default\">Il progetto<\/h2>\t\t\t\t<\/div>\n\t\t\t\t<div class=\"elementor-element elementor-element-fc95b54 elementor-widget elementor-widget-text-editor\" data-id=\"fc95b54\" data-element_type=\"widget\" data-e-type=\"widget\" data-widget_type=\"text-editor.default\">\n\t\t\t\t\t\t\t\t\t<p>Il progetto Green New Home sostiene l&#8217;inclusione sociale ed economica di persone adulte svantaggiate, in particolare persone migranti e rifugiate, favorendo l&#8217;imprenditorialit\u00e0 sostenibile e promuovendo un comportamento responsabile dal punto di vista ambientale. Riconoscendo la crescente necessit\u00e0 di un&#8217;azione per il clima e di un sostegno all&#8217;integrazione, il progetto mira a dotare i e le discenti delle competenze chiave, dei valori e della motivazione necessari per partecipare attivamente a un&#8217;economia verde. Allo stesso tempo, Green New Home rafforza la capacit\u00e0 degli educatori e delle educatrici per adulti di fornire una formazione efficace e inclusiva che risponda alle reali esigenze di studentesse e studenti diversi. Combinando intuizioni basate sulla ricerca con approcci educativi innovativi e collaborazione intersettoriale, il progetto contribuisce a costruire comunit\u00e0 pi\u00f9 forti e resilienti, preparate ad affrontare le sfide della sostenibilit\u00e0 e della coesione sociale.<\/p>\t\t\t\t\t\t\t\t<\/div>\n\t\t\t\t<\/div>\n\t\t<div class=\"elementor-element elementor-element-a4d560f e-con-full e-flex e-con e-child\" data-id=\"a4d560f\" data-element_type=\"container\" data-e-type=\"container\">\n\t\t\t\t<div class=\"elementor-element elementor-element-b1d72db elementor-widget elementor-widget-image\" data-id=\"b1d72db\" data-element_type=\"widget\" data-e-type=\"widget\" data-widget_type=\"image.default\">\n\t\t\t\t\t\t\t\t\t\t\t\t\t\t\t<img fetchpriority=\"high\" decoding=\"async\" width=\"1024\" height=\"683\" src=\"https:\/\/greennewhome.erasmus.site\/wp-content\/uploads\/2025\/07\/grupa-biznesowa-omawiajaca-polityke-przyjaznego-dla-srodowiska-gospodarowania-odpadami-scaled-1024x683.webp\" class=\"attachment-large size-large wp-image-29\" alt=\"\" srcset=\"https:\/\/greennewhome.erasmus.site\/wp-content\/uploads\/2025\/07\/grupa-biznesowa-omawiajaca-polityke-przyjaznego-dla-srodowiska-gospodarowania-odpadami-scaled-1024x683.webp 1024w, https:\/\/greennewhome.erasmus.site\/wp-content\/uploads\/2025\/07\/grupa-biznesowa-omawiajaca-polityke-przyjaznego-dla-srodowiska-gospodarowania-odpadami-scaled-300x200.webp 300w, https:\/\/greennewhome.erasmus.site\/wp-content\/uploads\/2025\/07\/grupa-biznesowa-omawiajaca-polityke-przyjaznego-dla-srodowiska-gospodarowania-odpadami-scaled-768x512.webp 768w, https:\/\/greennewhome.erasmus.site\/wp-content\/uploads\/2025\/07\/grupa-biznesowa-omawiajaca-polityke-przyjaznego-dla-srodowiska-gospodarowania-odpadami-scaled-1536x1024.webp 1536w, https:\/\/greennewhome.erasmus.site\/wp-content\/uploads\/2025\/07\/grupa-biznesowa-omawiajaca-polityke-przyjaznego-dla-srodowiska-gospodarowania-odpadami-scaled-2048x1366.webp 2048w, https:\/\/greennewhome.erasmus.site\/wp-content\/uploads\/2025\/07\/grupa-biznesowa-omawiajaca-polityke-przyjaznego-dla-srodowiska-gospodarowania-odpadami-scaled-930x620.webp 930w, https:\/\/greennewhome.erasmus.site\/wp-content\/uploads\/2025\/07\/grupa-biznesowa-omawiajaca-polityke-przyjaznego-dla-srodowiska-gospodarowania-odpadami-scaled-24x16.webp 24w, https:\/\/greennewhome.erasmus.site\/wp-content\/uploads\/2025\/07\/grupa-biznesowa-omawiajaca-polityke-przyjaznego-dla-srodowiska-gospodarowania-odpadami-scaled-36x24.webp 36w, https:\/\/greennewhome.erasmus.site\/wp-content\/uploads\/2025\/07\/grupa-biznesowa-omawiajaca-polityke-przyjaznego-dla-srodowiska-gospodarowania-odpadami-scaled-48x32.webp 48w\" sizes=\"(max-width: 1024px) 100vw, 1024px\" \/>\t\t\t\t\t\t\t\t\t\t\t\t\t\t\t<\/div>\n\t\t\t\t<\/div>\n\t\t\t\t\t<\/div>\n\t\t\t\t<\/div>\n\t\t<div class=\"elementor-element elementor-element-d940b0c e-flex e-con-boxed elementor-invisible e-con e-parent\" data-id=\"d940b0c\" data-element_type=\"container\" data-e-type=\"container\" data-settings=\"{&quot;animation&quot;:&quot;fadeInRight&quot;}\">\n\t\t\t\t\t<div class=\"e-con-inner\">\n\t\t\t\t<div class=\"elementor-element elementor-element-e74f280 elementor-widget elementor-widget-menu-anchor\" data-id=\"e74f280\" data-element_type=\"widget\" data-e-type=\"widget\" data-widget_type=\"menu-anchor.default\">\n\t\t\t\t\t\t\t<div class=\"elementor-menu-anchor\" id=\"results\"><\/div>\n\t\t\t\t\t\t<\/div>\n\t\t<div class=\"elementor-element elementor-element-a1390e7 e-flex e-con-boxed e-con e-child\" data-id=\"a1390e7\" data-element_type=\"container\" data-e-type=\"container\">\n\t\t\t\t\t<div class=\"e-con-inner\">\n\t\t\t\t<div class=\"elementor-element elementor-element-c3bd809 elementor-widget elementor-widget-heading\" data-id=\"c3bd809\" data-element_type=\"widget\" data-e-type=\"widget\" data-widget_type=\"heading.default\">\n\t\t\t\t\t<h2 class=\"elementor-heading-title elementor-size-default\">Risultati del progetto<\/h2>\t\t\t\t<\/div>\n\t\t\t\t\t<\/div>\n\t\t\t\t<\/div>\n\t\t\t\t<div class=\"elementor-element elementor-element-7e9e080 elementor-tabs-view-horizontal elementor-widget elementor-widget-tabs\" data-id=\"7e9e080\" data-element_type=\"widget\" data-e-type=\"widget\" data-widget_type=\"tabs.default\">\n\t\t\t\t\t\t\t<div class=\"elementor-tabs\">\n\t\t\t<div class=\"elementor-tabs-wrapper\" role=\"tablist\" >\n\t\t\t\t\t\t\t\t\t<div id=\"elementor-tab-title-1321\" class=\"elementor-tab-title elementor-tab-desktop-title\" aria-selected=\"true\" data-tab=\"1\" role=\"tab\" tabindex=\"0\" aria-controls=\"elementor-tab-content-1321\" aria-expanded=\"false\">Definizione delle competenze e delle capacit\u00e0 fondamentali<\/div>\n\t\t\t\t\t\t\t\t\t<div id=\"elementor-tab-title-1322\" class=\"elementor-tab-title elementor-tab-desktop-title\" aria-selected=\"false\" data-tab=\"2\" role=\"tab\" tabindex=\"-1\" aria-controls=\"elementor-tab-content-1322\" aria-expanded=\"false\">Spazio di Valutazione e Formazione (ATS)<\/div>\n\t\t\t\t\t\t\t\t\t<div id=\"elementor-tab-title-1323\" class=\"elementor-tab-title elementor-tab-desktop-title\" aria-selected=\"false\" data-tab=\"3\" role=\"tab\" tabindex=\"-1\" aria-controls=\"elementor-tab-content-1323\" aria-expanded=\"false\">App Mobile \u201cPersonalised Strategy Maker\u201d<\/div>\n\t\t\t\t\t\t\t<\/div>\n\t\t\t<div class=\"elementor-tabs-content-wrapper\" role=\"tablist\" aria-orientation=\"vertical\">\n\t\t\t\t\t\t\t\t\t<div class=\"elementor-tab-title elementor-tab-mobile-title\" aria-selected=\"true\" data-tab=\"1\" role=\"tab\" tabindex=\"0\" aria-controls=\"elementor-tab-content-1321\" aria-expanded=\"false\">Definizione delle competenze e delle capacit\u00e0 fondamentali<\/div>\n\t\t\t\t\t<div id=\"elementor-tab-content-1321\" class=\"elementor-tab-content elementor-clearfix\" data-tab=\"1\" role=\"tabpanel\" aria-labelledby=\"elementor-tab-title-1321\" tabindex=\"0\" hidden=\"false\"><p>Un quadro articolato, sviluppato attraverso un processo di ricerca in tre fasi, volto a individuare e valorizzare le competenze fondamentali che possono supportare le persone migranti e rifugiate nel loro percorso verso un\u2019imprenditorialit\u00e0 sostenibile e di successo. Questo risultato garantisce che tutta la formazione e gli strumenti siano basati sulle esigenze reali e sulle richieste attuali del mercato del lavoro nel campo dell&#8217;imprenditoria verde. Inoltre, serve come punto di riferimento comune per gli educatori, le educatrici e le organizzazioni che sostengono l&#8217;aggiornamento degli studenti svantaggiati.<\/p><\/div>\n\t\t\t\t\t\t\t\t\t<div class=\"elementor-tab-title elementor-tab-mobile-title\" aria-selected=\"false\" data-tab=\"2\" role=\"tab\" tabindex=\"-1\" aria-controls=\"elementor-tab-content-1322\" aria-expanded=\"false\">Spazio di Valutazione e Formazione (ATS)<\/div>\n\t\t\t\t\t<div id=\"elementor-tab-content-1322\" class=\"elementor-tab-content elementor-clearfix\" data-tab=\"2\" role=\"tabpanel\" aria-labelledby=\"elementor-tab-title-1322\" tabindex=\"0\" hidden=\"hidden\"><p>Una piattaforma online che consente agli utenti di valutare le proprie competenze e accedere a percorsi formativi mirati, basati sulle competenze individuate. Offre un ambiente di apprendimento flessibile e inclusivo, permettendo a ciascuno di avanzare secondo i propri ritmi e bisogni individuali. L\u2019ATS promuove l\u2019autonomia e la fiducia, supportando gli utenti nel loro percorso di crescita personale e professionale.<\/p><\/div>\n\t\t\t\t\t\t\t\t\t<div class=\"elementor-tab-title elementor-tab-mobile-title\" aria-selected=\"false\" data-tab=\"3\" role=\"tab\" tabindex=\"-1\" aria-controls=\"elementor-tab-content-1323\" aria-expanded=\"false\">App Mobile \u201cPersonalised Strategy Maker\u201d<\/div>\n\t\t\t\t\t<div id=\"elementor-tab-content-1323\" class=\"elementor-tab-content elementor-clearfix\" data-tab=\"3\" role=\"tabpanel\" aria-labelledby=\"elementor-tab-title-1323\" tabindex=\"0\" hidden=\"hidden\"><p>Un&#8217;applicazione mobile intuitiva che guida gli utenti nella creazione di una strategia personalizzata per diventare imprenditori e imprenditrici sostenibili. L\u2019app consente agli utenti di prendere decisioni consapevoli e intraprendere azioni concrete per avviare e gestire un\u2019attivit\u00e0 ecosostenibile. Supporta l\u2019apprendimento permanente, incoraggiando l\u2019auto-riflessione continua e la definizione di obiettivi a lungo termine.<\/p><\/div>\n\t\t\t\t\t\t\t<\/div>\n\t\t<\/div>\n\t\t\t\t\t\t<\/div>\n\t\t\t\t\t<\/div>\n\t\t\t\t<\/div>\n\t\t<div class=\"elementor-element elementor-element-d38ecd0 e-flex e-con-boxed elementor-invisible e-con e-parent\" data-id=\"d38ecd0\" data-element_type=\"container\" data-e-type=\"container\" data-settings=\"{&quot;animation&quot;:&quot;fadeInRight&quot;}\">\n\t\t\t\t\t<div class=\"e-con-inner\">\n\t\t\t\t<div class=\"elementor-element elementor-element-3e79527 elementor-widget elementor-widget-menu-anchor\" data-id=\"3e79527\" data-element_type=\"widget\" data-e-type=\"widget\" data-widget_type=\"menu-anchor.default\">\n\t\t\t\t\t\t\t<div class=\"elementor-menu-anchor\" id=\"partners\"><\/div>\n\t\t\t\t\t\t<\/div>\n\t\t\t\t<div class=\"elementor-element elementor-element-a0d7e0e elementor-widget elementor-widget-heading\" data-id=\"a0d7e0e\" data-element_type=\"widget\" data-e-type=\"widget\" data-widget_type=\"heading.default\">\n\t\t\t\t\t<h2 class=\"elementor-heading-title elementor-size-default\">Partenariato<\/h2>\t\t\t\t<\/div>\n\t\t\t\t\t<\/div>\n\t\t\t\t<\/div>\n\t\t<div class=\"elementor-element elementor-element-2adaa58 e-grid e-con-boxed elementor-invisible e-con e-parent\" data-id=\"2adaa58\" data-element_type=\"container\" data-e-type=\"container\" data-settings=\"{&quot;animation&quot;:&quot;fadeInLeft&quot;}\">\n\t\t\t\t\t<div class=\"e-con-inner\">\n\t\t\t\t<div class=\"elementor-element elementor-element-2a9d451 elementor-widget elementor-widget-text-editor\" data-id=\"2a9d451\" data-element_type=\"widget\" data-e-type=\"widget\" data-widget_type=\"text-editor.default\">\n\t\t\t\t\t\t\t\t\t\r\n\t<div class=\"paoc-image-popup\">\r\n\t\t<a class=\"paoc-popup-click paoc-popup-cust-54 paoc-popup-image paoc-popup-image\" href=\"javascript:void(0);\"><img decoding=\"async\" class=\"popupaoc-img\" src=\"https:\/\/greennewhome.erasmus.site\/wp-content\/uploads\/2025\/07\/ib.webp\" alt=\"\" \/><\/a>\r\n\r\n\t\t\t<\/div>\r\n\r\n\t\t\t\t\t\t\t\t<\/div>\n\t\t\t\t<div class=\"elementor-element elementor-element-75b642d elementor-widget elementor-widget-text-editor\" data-id=\"75b642d\" data-element_type=\"widget\" data-e-type=\"widget\" data-widget_type=\"text-editor.default\">\n\t\t\t\t\t\t\t\t\t\r\n\t<div class=\"paoc-image-popup\">\r\n\t\t<a class=\"paoc-popup-click paoc-popup-cust-59 paoc-popup-image paoc-popup-image\" href=\"javascript:void(0);\"><img decoding=\"async\" class=\"popupaoc-img\" src=\"https:\/\/greennewhome.erasmus.site\/wp-content\/uploads\/2025\/07\/danmar.webp\" alt=\"\" \/><\/a>\r\n\r\n\t\t\t<\/div>\r\n\r\n\t\t\t\t\t\t\t\t<\/div>\n\t\t\t\t<div class=\"elementor-element elementor-element-df303b6 elementor-widget elementor-widget-text-editor\" data-id=\"df303b6\" data-element_type=\"widget\" data-e-type=\"widget\" data-widget_type=\"text-editor.default\">\n\t\t\t\t\t\t\t\t\t\r\n\t<div class=\"paoc-image-popup\">\r\n\t\t<a class=\"paoc-popup-click paoc-popup-cust-64 paoc-popup-image paoc-popup-image\" href=\"javascript:void(0);\"><img decoding=\"async\" class=\"popupaoc-img\" src=\"https:\/\/greennewhome.erasmus.site\/wp-content\/uploads\/2025\/07\/innoeusaphiere.webp\" alt=\"\" \/><\/a>\r\n\r\n\t\t\t<\/div>\r\n\r\n\t\t\t\t\t\t\t\t<\/div>\n\t\t\t\t\t<\/div>\n\t\t\t\t<\/div>\n\t\t<div class=\"elementor-element elementor-element-2f821cb e-grid e-con-boxed elementor-invisible e-con e-parent\" data-id=\"2f821cb\" data-element_type=\"container\" data-e-type=\"container\" data-settings=\"{&quot;animation&quot;:&quot;fadeInRight&quot;}\">\n\t\t\t\t\t<div class=\"e-con-inner\">\n\t\t\t\t<div class=\"elementor-element elementor-element-935e55e elementor-widget elementor-widget-text-editor\" data-id=\"935e55e\" data-element_type=\"widget\" data-e-type=\"widget\" data-widget_type=\"text-editor.default\">\n\t\t\t\t\t\t\t\t\t\r\n\t<div class=\"paoc-image-popup\">\r\n\t\t<a class=\"paoc-popup-click paoc-popup-cust-69 paoc-popup-image paoc-popup-image\" href=\"javascript:void(0);\"><img decoding=\"async\" class=\"popupaoc-img\" src=\"https:\/\/greennewhome.erasmus.site\/wp-content\/uploads\/2025\/07\/kainotomia.webp\" alt=\"\" \/><\/a>\r\n\r\n\t\t\t<\/div>\r\n\r\n\t\t\t\t\t\t\t\t<\/div>\n\t\t\t\t<div class=\"elementor-element elementor-element-9fae424 elementor-widget elementor-widget-text-editor\" data-id=\"9fae424\" data-element_type=\"widget\" data-e-type=\"widget\" data-widget_type=\"text-editor.default\">\n\t\t\t\t\t\t\t\t\t\r\n\t<div class=\"paoc-image-popup\">\r\n\t\t<a class=\"paoc-popup-click paoc-popup-cust-74 paoc-popup-image paoc-popup-image\" href=\"javascript:void(0);\"><img decoding=\"async\" class=\"popupaoc-img\" src=\"https:\/\/greennewhome.erasmus.site\/wp-content\/uploads\/2025\/07\/land.webp\" alt=\"\" \/><\/a>\r\n\r\n\t\t\t<\/div>\r\n\r\n\t\t\t\t\t\t\t\t<\/div>\n\t\t\t\t<div class=\"elementor-element elementor-element-8b1e8b4 elementor-widget elementor-widget-text-editor\" data-id=\"8b1e8b4\" data-element_type=\"widget\" data-e-type=\"widget\" data-widget_type=\"text-editor.default\">\n\t\t\t\t\t\t\t\t\t\r\n\t<div class=\"paoc-image-popup\">\r\n\t\t<a class=\"paoc-popup-click paoc-popup-cust-79 paoc-popup-image paoc-popup-image\" href=\"javascript:void(0);\"><img decoding=\"async\" class=\"popupaoc-img\" src=\"https:\/\/greennewhome.erasmus.site\/wp-content\/uploads\/2025\/07\/susic.webp\" alt=\"\" \/><\/a>\r\n\r\n\t\t\t<\/div>\r\n\r\n\t\t\t\t\t\t\t\t<\/div>\n\t\t\t\t\t<\/div>\n\t\t\t\t<\/div>\n\t\t<div class=\"elementor-element elementor-element-b515722 e-flex e-con-boxed e-con e-parent\" data-id=\"b515722\" data-element_type=\"container\" data-e-type=\"container\">\n\t\t\t\t\t<div class=\"e-con-inner\">\n\t\t\t\t\t<\/div>\n\t\t\t\t<\/div>\n\t\t\t\t<\/div>\n\t\t","protected":false},"excerpt":{"rendered":"<p>Green New Home Settore: Educazione degli adultiNumero progetto: 2024-1-DE02-KA220-ADU-000244995Durata del progetto: 01.11.2024 \u2013 31.10.2026 Il progetto Il progetto Green New Home sostiene l&#8217;inclusione sociale ed economica di persone adulte svantaggiate, in particolare persone migranti e rifugiate, favorendo l&#8217;imprenditorialit\u00e0 sostenibile e promuovendo un comportamento responsabile dal punto di vista ambientale. Riconoscendo la crescente necessit\u00e0 di un&#8217;azione&hellip;&nbsp;<\/p>\n","protected":false},"author":1,"featured_media":0,"parent":0,"menu_order":0,"comment_status":"closed","ping_status":"closed","template":"page-templates\/template-pagebuilder-full-width.php","meta":{"neve_meta_sidebar":"","neve_meta_container":"","neve_meta_enable_content_width":"off","neve_meta_content_width":100,"neve_meta_title_alignment":"","neve_meta_author_avatar":"","neve_post_elements_order":"","neve_meta_disable_header":"","neve_meta_disable_footer":"","neve_meta_disable_title":"","footnotes":""},"class_list":["post-20","page","type-page","status-publish","hentry"],"_links":{"self":[{"href":"https:\/\/greennewhome.erasmus.site\/it\/wp-json\/wp\/v2\/pages\/20","targetHints":{"allow":["GET"]}}],"collection":[{"href":"https:\/\/greennewhome.erasmus.site\/it\/wp-json\/wp\/v2\/pages"}],"about":[{"href":"https:\/\/greennewhome.erasmus.site\/it\/wp-json\/wp\/v2\/types\/page"}],"author":[{"embeddable":true,"href":"https:\/\/greennewhome.erasmus.site\/it\/wp-json\/wp\/v2\/users\/1"}],"replies":[{"embeddable":true,"href":"https:\/\/greennewhome.erasmus.site\/it\/wp-json\/wp\/v2\/comments?post=20"}],"version-history":[{"count":89,"href":"https:\/\/greennewhome.erasmus.site\/it\/wp-json\/wp\/v2\/pages\/20\/revisions"}],"predecessor-version":[{"id":210,"href":"https:\/\/greennewhome.erasmus.site\/it\/wp-json\/wp\/v2\/pages\/20\/revisions\/210"}],"wp:attachment":[{"href":"https:\/\/greennewhome.erasmus.site\/it\/wp-json\/wp\/v2\/media?parent=20"}],"curies":[{"name":"wp","href":"https:\/\/api.w.org\/{rel}","templated":true}]}}