{"id":20,"date":"2025-07-09T09:24:31","date_gmt":"2025-07-09T09:24:31","guid":{"rendered":"https:\/\/greennewhome.erasmus.site\/?page_id=20"},"modified":"2025-11-05T09:16:48","modified_gmt":"2025-11-05T09:16:48","slug":"home","status":"publish","type":"page","link":"https:\/\/greennewhome.erasmus.site\/es\/","title":{"rendered":"Inicio"},"content":{"rendered":"\t\t<div data-elementor-type=\"wp-page\" data-elementor-id=\"20\" class=\"elementor elementor-20\">\n\t\t\t\t<div class=\"elementor-element elementor-element-a2e8895 e-flex e-con-boxed elementor-invisible e-con e-parent\" data-id=\"a2e8895\" data-element_type=\"container\" data-e-type=\"container\" data-settings=\"{&quot;background_background&quot;:&quot;classic&quot;,&quot;animation&quot;:&quot;fadeIn&quot;}\">\n\t\t\t\t\t<div class=\"e-con-inner\">\n\t\t<div class=\"elementor-element elementor-element-062648b e-con-full e-flex e-con e-child\" data-id=\"062648b\" data-element_type=\"container\" data-e-type=\"container\" data-settings=\"{&quot;background_background&quot;:&quot;classic&quot;}\">\n\t\t\t\t<div class=\"elementor-element elementor-element-cb84da4 elementor-widget elementor-widget-heading\" data-id=\"cb84da4\" data-element_type=\"widget\" data-e-type=\"widget\" data-widget_type=\"heading.default\">\n\t\t\t\t\t<h1 class=\"elementor-heading-title elementor-size-default\">Green New Home<\/h1>\t\t\t\t<\/div>\n\t\t\t\t<div class=\"elementor-element elementor-element-64e10b7 elementor-widget elementor-widget-text-editor\" data-id=\"64e10b7\" data-element_type=\"widget\" data-e-type=\"widget\" data-widget_type=\"text-editor.default\">\n\t\t\t\t\t\t\t\t\t<p>\u00c1mbito: Educaci\u00f3n de Adultos<br \/>N\u00famero de proyecto: 2024-1-DE02-KA220-ADU-000244995<br \/>Duraci\u00f3n del proyecto: 01.11.2024 \u2013 31.10.2026<\/p>\t\t\t\t\t\t\t\t<\/div>\n\t\t\t\t<\/div>\n\t\t\t\t\t<\/div>\n\t\t\t\t<\/div>\n\t\t<div class=\"elementor-element elementor-element-76cfb72 e-flex e-con-boxed elementor-invisible e-con e-parent\" data-id=\"76cfb72\" data-element_type=\"container\" data-e-type=\"container\" data-settings=\"{&quot;animation&quot;:&quot;fadeInLeft&quot;}\">\n\t\t\t\t\t<div class=\"e-con-inner\">\n\t\t<div class=\"elementor-element elementor-element-cac2436 e-con-full e-flex e-con e-child\" data-id=\"cac2436\" data-element_type=\"container\" data-e-type=\"container\">\n\t\t\t\t<div class=\"elementor-element elementor-element-1c292c3 elementor-widget elementor-widget-menu-anchor\" data-id=\"1c292c3\" data-element_type=\"widget\" data-e-type=\"widget\" data-widget_type=\"menu-anchor.default\">\n\t\t\t\t\t\t\t<div class=\"elementor-menu-anchor\" id=\"about\"><\/div>\n\t\t\t\t\t\t<\/div>\n\t\t\t\t<div class=\"elementor-element elementor-element-cbee891 elementor-widget elementor-widget-heading\" data-id=\"cbee891\" data-element_type=\"widget\" data-e-type=\"widget\" data-widget_type=\"heading.default\">\n\t\t\t\t\t<h2 class=\"elementor-heading-title elementor-size-default\">Sobre el proyecto<\/h2>\t\t\t\t<\/div>\n\t\t\t\t<div class=\"elementor-element elementor-element-fc95b54 elementor-widget elementor-widget-text-editor\" data-id=\"fc95b54\" data-element_type=\"widget\" data-e-type=\"widget\" data-widget_type=\"text-editor.default\">\n\t\t\t\t\t\t\t\t\t<p>El proyecto Green New Home apoya la inclusi\u00f3n social y econ\u00f3mica de los adultos desfavorecidos, en particular los migrantes y refugiados, fomentando el emprendimiento sostenible y promoviendo un comportamiento responsable con el medio ambiente. Reconociendo la creciente necesidad de apoyo tanto a la acci\u00f3n clim\u00e1tica como a la integraci\u00f3n, el proyecto tiene como objetivo dotar a los alumnos de las competencias clave, los valores y la motivaci\u00f3n necesarios para participar activamente en una econom\u00eda verde. Al mismo tiempo, mejora la capacidad de los educadores de adultos para impartir una formaci\u00f3n eficaz e inclusiva que responda a las necesidades reales de los diversos alumnos. Al combinar conocimientos basados en la investigaci\u00f3n con enfoques educativos innovadores y colaboraci\u00f3n intersectorial, Green New Home contribuye a construir comunidades m\u00e1s fuertes y resilientes que est\u00e1n preparadas para enfrentar los desaf\u00edos de la sostenibilidad y la cohesi\u00f3n social.<\/p>\t\t\t\t\t\t\t\t<\/div>\n\t\t\t\t<\/div>\n\t\t<div class=\"elementor-element elementor-element-a4d560f e-con-full e-flex e-con e-child\" data-id=\"a4d560f\" data-element_type=\"container\" data-e-type=\"container\">\n\t\t\t\t<div class=\"elementor-element elementor-element-b1d72db elementor-widget elementor-widget-image\" data-id=\"b1d72db\" data-element_type=\"widget\" data-e-type=\"widget\" data-widget_type=\"image.default\">\n\t\t\t\t\t\t\t\t\t\t\t\t\t\t\t<img fetchpriority=\"high\" decoding=\"async\" width=\"1024\" height=\"683\" src=\"https:\/\/greennewhome.erasmus.site\/wp-content\/uploads\/2025\/07\/grupa-biznesowa-omawiajaca-polityke-przyjaznego-dla-srodowiska-gospodarowania-odpadami-scaled-1024x683.webp\" class=\"attachment-large size-large wp-image-29\" alt=\"\" srcset=\"https:\/\/greennewhome.erasmus.site\/wp-content\/uploads\/2025\/07\/grupa-biznesowa-omawiajaca-polityke-przyjaznego-dla-srodowiska-gospodarowania-odpadami-scaled-1024x683.webp 1024w, https:\/\/greennewhome.erasmus.site\/wp-content\/uploads\/2025\/07\/grupa-biznesowa-omawiajaca-polityke-przyjaznego-dla-srodowiska-gospodarowania-odpadami-scaled-300x200.webp 300w, https:\/\/greennewhome.erasmus.site\/wp-content\/uploads\/2025\/07\/grupa-biznesowa-omawiajaca-polityke-przyjaznego-dla-srodowiska-gospodarowania-odpadami-scaled-768x512.webp 768w, https:\/\/greennewhome.erasmus.site\/wp-content\/uploads\/2025\/07\/grupa-biznesowa-omawiajaca-polityke-przyjaznego-dla-srodowiska-gospodarowania-odpadami-scaled-1536x1024.webp 1536w, https:\/\/greennewhome.erasmus.site\/wp-content\/uploads\/2025\/07\/grupa-biznesowa-omawiajaca-polityke-przyjaznego-dla-srodowiska-gospodarowania-odpadami-scaled-2048x1366.webp 2048w, https:\/\/greennewhome.erasmus.site\/wp-content\/uploads\/2025\/07\/grupa-biznesowa-omawiajaca-polityke-przyjaznego-dla-srodowiska-gospodarowania-odpadami-scaled-930x620.webp 930w, https:\/\/greennewhome.erasmus.site\/wp-content\/uploads\/2025\/07\/grupa-biznesowa-omawiajaca-polityke-przyjaznego-dla-srodowiska-gospodarowania-odpadami-scaled-24x16.webp 24w, https:\/\/greennewhome.erasmus.site\/wp-content\/uploads\/2025\/07\/grupa-biznesowa-omawiajaca-polityke-przyjaznego-dla-srodowiska-gospodarowania-odpadami-scaled-36x24.webp 36w, https:\/\/greennewhome.erasmus.site\/wp-content\/uploads\/2025\/07\/grupa-biznesowa-omawiajaca-polityke-przyjaznego-dla-srodowiska-gospodarowania-odpadami-scaled-48x32.webp 48w\" sizes=\"(max-width: 1024px) 100vw, 1024px\" \/>\t\t\t\t\t\t\t\t\t\t\t\t\t\t\t<\/div>\n\t\t\t\t<\/div>\n\t\t\t\t\t<\/div>\n\t\t\t\t<\/div>\n\t\t<div class=\"elementor-element elementor-element-d940b0c e-flex e-con-boxed elementor-invisible e-con e-parent\" data-id=\"d940b0c\" data-element_type=\"container\" data-e-type=\"container\" data-settings=\"{&quot;animation&quot;:&quot;fadeInRight&quot;}\">\n\t\t\t\t\t<div class=\"e-con-inner\">\n\t\t\t\t<div class=\"elementor-element elementor-element-e74f280 elementor-widget elementor-widget-menu-anchor\" data-id=\"e74f280\" data-element_type=\"widget\" data-e-type=\"widget\" data-widget_type=\"menu-anchor.default\">\n\t\t\t\t\t\t\t<div class=\"elementor-menu-anchor\" id=\"results\"><\/div>\n\t\t\t\t\t\t<\/div>\n\t\t<div class=\"elementor-element elementor-element-a1390e7 e-flex e-con-boxed e-con e-child\" data-id=\"a1390e7\" data-element_type=\"container\" data-e-type=\"container\">\n\t\t\t\t\t<div class=\"e-con-inner\">\n\t\t\t\t<div class=\"elementor-element elementor-element-c3bd809 elementor-widget elementor-widget-heading\" data-id=\"c3bd809\" data-element_type=\"widget\" data-e-type=\"widget\" data-widget_type=\"heading.default\">\n\t\t\t\t\t<h2 class=\"elementor-heading-title elementor-size-default\">Resultados del proyecto<\/h2>\t\t\t\t<\/div>\n\t\t\t\t\t<\/div>\n\t\t\t\t<\/div>\n\t\t\t\t<div class=\"elementor-element elementor-element-7e9e080 elementor-tabs-view-horizontal elementor-widget elementor-widget-tabs\" data-id=\"7e9e080\" data-element_type=\"widget\" data-e-type=\"widget\" data-widget_type=\"tabs.default\">\n\t\t\t\t\t\t\t<div class=\"elementor-tabs\">\n\t\t\t<div class=\"elementor-tabs-wrapper\" role=\"tablist\" >\n\t\t\t\t\t\t\t\t\t<div id=\"elementor-tab-title-1321\" class=\"elementor-tab-title elementor-tab-desktop-title\" aria-selected=\"true\" data-tab=\"1\" role=\"tab\" tabindex=\"0\" aria-controls=\"elementor-tab-content-1321\" aria-expanded=\"false\">Definici\u00f3n de competencias y habilidades b\u00e1sicas<\/div>\n\t\t\t\t\t\t\t\t\t<div id=\"elementor-tab-title-1322\" class=\"elementor-tab-title elementor-tab-desktop-title\" aria-selected=\"false\" data-tab=\"2\" role=\"tab\" tabindex=\"-1\" aria-controls=\"elementor-tab-content-1322\" aria-expanded=\"false\">Espacio de Evaluaci\u00f3n y Formaci\u00f3n (ATS)<\/div>\n\t\t\t\t\t\t\t\t\t<div id=\"elementor-tab-title-1323\" class=\"elementor-tab-title elementor-tab-desktop-title\" aria-selected=\"false\" data-tab=\"3\" role=\"tab\" tabindex=\"-1\" aria-controls=\"elementor-tab-content-1323\" aria-expanded=\"false\">Aplicaci\u00f3n m\u00f3vil personalizada Strategy Maker<\/div>\n\t\t\t\t\t\t\t<\/div>\n\t\t\t<div class=\"elementor-tabs-content-wrapper\" role=\"tablist\" aria-orientation=\"vertical\">\n\t\t\t\t\t\t\t\t\t<div class=\"elementor-tab-title elementor-tab-mobile-title\" aria-selected=\"true\" data-tab=\"1\" role=\"tab\" tabindex=\"0\" aria-controls=\"elementor-tab-content-1321\" aria-expanded=\"false\">Definici\u00f3n de competencias y habilidades b\u00e1sicas<\/div>\n\t\t\t\t\t<div id=\"elementor-tab-content-1321\" class=\"elementor-tab-content elementor-clearfix\" data-tab=\"1\" role=\"tabpanel\" aria-labelledby=\"elementor-tab-title-1321\" tabindex=\"0\" hidden=\"false\"><p>Un marco integral desarrollado a trav\u00e9s de un proceso de investigaci\u00f3n de tres etapas para identificar las competencias clave que los migrantes y refugiados necesitan para convertirse en empresarios sostenibles exitosos. Este resultado garantiza que toda la formaci\u00f3n y las herramientas se basan en las necesidades reales y en las demandas actuales del mercado laboral en el \u00e1mbito del emprendimiento verde. Tambi\u00e9n sirve como punto de referencia com\u00fan para los educadores y las organizaciones que apoyan la mejora de las capacidades de los estudiantes desfavorecidos.<\/p><\/div>\n\t\t\t\t\t\t\t\t\t<div class=\"elementor-tab-title elementor-tab-mobile-title\" aria-selected=\"false\" data-tab=\"2\" role=\"tab\" tabindex=\"-1\" aria-controls=\"elementor-tab-content-1322\" aria-expanded=\"false\">Espacio de Evaluaci\u00f3n y Formaci\u00f3n (ATS)<\/div>\n\t\t\t\t\t<div id=\"elementor-tab-content-1322\" class=\"elementor-tab-content elementor-clearfix\" data-tab=\"2\" role=\"tabpanel\" aria-labelledby=\"elementor-tab-title-1322\" tabindex=\"0\" hidden=\"hidden\"><p>Una plataforma en l\u00ednea que permite a los alumnos evaluar sus habilidades actuales y acceder a una formaci\u00f3n espec\u00edfica basada en las competencias definidas. Proporciona un entorno de aprendizaje flexible e inclusivo, lo que permite a los usuarios progresar a su propio ritmo y de acuerdo con sus necesidades individuales. El ATS fomenta la autonom\u00eda y la confianza, ayudando a los alumnos a participar activamente en su desarrollo personal y profesional.<\/p><\/div>\n\t\t\t\t\t\t\t\t\t<div class=\"elementor-tab-title elementor-tab-mobile-title\" aria-selected=\"false\" data-tab=\"3\" role=\"tab\" tabindex=\"-1\" aria-controls=\"elementor-tab-content-1323\" aria-expanded=\"false\">Aplicaci\u00f3n m\u00f3vil personalizada Strategy Maker<\/div>\n\t\t\t\t\t<div id=\"elementor-tab-content-1323\" class=\"elementor-tab-content elementor-clearfix\" data-tab=\"3\" role=\"tabpanel\" aria-labelledby=\"elementor-tab-title-1323\" tabindex=\"0\" hidden=\"hidden\"><p>Una aplicaci\u00f3n m\u00f3vil f\u00e1cil de usar que gu\u00eda a los alumnos en la creaci\u00f3n de su propia estrategia para convertirse en emprendedores sostenibles. La aplicaci\u00f3n permite a los usuarios tomar decisiones informadas y tomar medidas concretas para lanzar y administrar un negocio verde. Apoya el aprendizaje a lo largo de toda la vida fomentando la autorreflexi\u00f3n continua y el establecimiento de objetivos a largo plazo.<\/p><\/div>\n\t\t\t\t\t\t\t<\/div>\n\t\t<\/div>\n\t\t\t\t\t\t<\/div>\n\t\t\t\t\t<\/div>\n\t\t\t\t<\/div>\n\t\t<div class=\"elementor-element elementor-element-d38ecd0 e-flex e-con-boxed elementor-invisible e-con e-parent\" data-id=\"d38ecd0\" data-element_type=\"container\" data-e-type=\"container\" data-settings=\"{&quot;animation&quot;:&quot;fadeInRight&quot;}\">\n\t\t\t\t\t<div class=\"e-con-inner\">\n\t\t\t\t<div class=\"elementor-element elementor-element-3e79527 elementor-widget elementor-widget-menu-anchor\" data-id=\"3e79527\" data-element_type=\"widget\" data-e-type=\"widget\" data-widget_type=\"menu-anchor.default\">\n\t\t\t\t\t\t\t<div class=\"elementor-menu-anchor\" id=\"partners\"><\/div>\n\t\t\t\t\t\t<\/div>\n\t\t\t\t<div class=\"elementor-element elementor-element-a0d7e0e elementor-widget elementor-widget-heading\" data-id=\"a0d7e0e\" data-element_type=\"widget\" data-e-type=\"widget\" data-widget_type=\"heading.default\">\n\t\t\t\t\t<h2 class=\"elementor-heading-title elementor-size-default\">Partenariado<\/h2>\t\t\t\t<\/div>\n\t\t\t\t\t<\/div>\n\t\t\t\t<\/div>\n\t\t<div class=\"elementor-element elementor-element-2adaa58 e-grid e-con-boxed elementor-invisible e-con e-parent\" data-id=\"2adaa58\" data-element_type=\"container\" data-e-type=\"container\" data-settings=\"{&quot;animation&quot;:&quot;fadeInLeft&quot;}\">\n\t\t\t\t\t<div class=\"e-con-inner\">\n\t\t\t\t<div class=\"elementor-element elementor-element-2a9d451 elementor-widget elementor-widget-text-editor\" data-id=\"2a9d451\" data-element_type=\"widget\" data-e-type=\"widget\" data-widget_type=\"text-editor.default\">\n\t\t\t\t\t\t\t\t\t\r\n\t<div class=\"paoc-image-popup\">\r\n\t\t<a class=\"paoc-popup-click paoc-popup-cust-54 paoc-popup-image paoc-popup-image\" href=\"javascript:void(0);\"><img decoding=\"async\" class=\"popupaoc-img\" src=\"https:\/\/greennewhome.erasmus.site\/wp-content\/uploads\/2025\/07\/ib.webp\" alt=\"\" \/><\/a>\r\n\r\n\t\t\t<\/div>\r\n\r\n\t\t\t\t\t\t\t\t<\/div>\n\t\t\t\t<div class=\"elementor-element elementor-element-75b642d elementor-widget elementor-widget-text-editor\" data-id=\"75b642d\" data-element_type=\"widget\" data-e-type=\"widget\" data-widget_type=\"text-editor.default\">\n\t\t\t\t\t\t\t\t\t\r\n\t<div class=\"paoc-image-popup\">\r\n\t\t<a class=\"paoc-popup-click paoc-popup-cust-59 paoc-popup-image paoc-popup-image\" href=\"javascript:void(0);\"><img decoding=\"async\" class=\"popupaoc-img\" src=\"https:\/\/greennewhome.erasmus.site\/wp-content\/uploads\/2025\/07\/danmar.webp\" alt=\"\" \/><\/a>\r\n\r\n\t\t\t<\/div>\r\n\r\n\t\t\t\t\t\t\t\t<\/div>\n\t\t\t\t<div class=\"elementor-element elementor-element-df303b6 elementor-widget elementor-widget-text-editor\" data-id=\"df303b6\" data-element_type=\"widget\" data-e-type=\"widget\" data-widget_type=\"text-editor.default\">\n\t\t\t\t\t\t\t\t\t\r\n\t<div class=\"paoc-image-popup\">\r\n\t\t<a class=\"paoc-popup-click paoc-popup-cust-64 paoc-popup-image paoc-popup-image\" href=\"javascript:void(0);\"><img decoding=\"async\" class=\"popupaoc-img\" src=\"https:\/\/greennewhome.erasmus.site\/wp-content\/uploads\/2025\/07\/innoeusaphiere.webp\" alt=\"\" \/><\/a>\r\n\r\n\t\t\t<\/div>\r\n\r\n\t\t\t\t\t\t\t\t<\/div>\n\t\t\t\t\t<\/div>\n\t\t\t\t<\/div>\n\t\t<div class=\"elementor-element elementor-element-2f821cb e-grid e-con-boxed elementor-invisible e-con e-parent\" data-id=\"2f821cb\" data-element_type=\"container\" data-e-type=\"container\" data-settings=\"{&quot;animation&quot;:&quot;fadeInRight&quot;}\">\n\t\t\t\t\t<div class=\"e-con-inner\">\n\t\t\t\t<div class=\"elementor-element elementor-element-935e55e elementor-widget elementor-widget-text-editor\" data-id=\"935e55e\" data-element_type=\"widget\" data-e-type=\"widget\" data-widget_type=\"text-editor.default\">\n\t\t\t\t\t\t\t\t\t\r\n\t<div class=\"paoc-image-popup\">\r\n\t\t<a class=\"paoc-popup-click paoc-popup-cust-69 paoc-popup-image paoc-popup-image\" href=\"javascript:void(0);\"><img decoding=\"async\" class=\"popupaoc-img\" src=\"https:\/\/greennewhome.erasmus.site\/wp-content\/uploads\/2025\/07\/kainotomia.webp\" alt=\"\" \/><\/a>\r\n\r\n\t\t\t<\/div>\r\n\r\n\t\t\t\t\t\t\t\t<\/div>\n\t\t\t\t<div class=\"elementor-element elementor-element-9fae424 elementor-widget elementor-widget-text-editor\" data-id=\"9fae424\" data-element_type=\"widget\" data-e-type=\"widget\" data-widget_type=\"text-editor.default\">\n\t\t\t\t\t\t\t\t\t\r\n\t<div class=\"paoc-image-popup\">\r\n\t\t<a class=\"paoc-popup-click paoc-popup-cust-74 paoc-popup-image paoc-popup-image\" href=\"javascript:void(0);\"><img decoding=\"async\" class=\"popupaoc-img\" src=\"https:\/\/greennewhome.erasmus.site\/wp-content\/uploads\/2025\/07\/land.webp\" alt=\"\" \/><\/a>\r\n\r\n\t\t\t<\/div>\r\n\r\n\t\t\t\t\t\t\t\t<\/div>\n\t\t\t\t<div class=\"elementor-element elementor-element-8b1e8b4 elementor-widget elementor-widget-text-editor\" data-id=\"8b1e8b4\" data-element_type=\"widget\" data-e-type=\"widget\" data-widget_type=\"text-editor.default\">\n\t\t\t\t\t\t\t\t\t\r\n\t<div class=\"paoc-image-popup\">\r\n\t\t<a class=\"paoc-popup-click paoc-popup-cust-79 paoc-popup-image paoc-popup-image\" href=\"javascript:void(0);\"><img decoding=\"async\" class=\"popupaoc-img\" src=\"https:\/\/greennewhome.erasmus.site\/wp-content\/uploads\/2025\/07\/susic.webp\" alt=\"\" \/><\/a>\r\n\r\n\t\t\t<\/div>\r\n\r\n\t\t\t\t\t\t\t\t<\/div>\n\t\t\t\t\t<\/div>\n\t\t\t\t<\/div>\n\t\t<div class=\"elementor-element elementor-element-b515722 e-flex e-con-boxed e-con e-parent\" data-id=\"b515722\" data-element_type=\"container\" data-e-type=\"container\">\n\t\t\t\t\t<div class=\"e-con-inner\">\n\t\t\t\t\t<\/div>\n\t\t\t\t<\/div>\n\t\t\t\t<\/div>\n\t\t","protected":false},"excerpt":{"rendered":"<p>Green New Home \u00c1mbito: Educaci\u00f3n de AdultosN\u00famero de proyecto: 2024-1-DE02-KA220-ADU-000244995Duraci\u00f3n del proyecto: 01.11.2024 \u2013 31.10.2026 Sobre el proyecto El proyecto Green New Home apoya la inclusi\u00f3n social y econ\u00f3mica de los adultos desfavorecidos, en particular los migrantes y refugiados, fomentando el emprendimiento sostenible y promoviendo un comportamiento responsable con el medio ambiente. Reconociendo la creciente&hellip;&nbsp;<\/p>\n","protected":false},"author":1,"featured_media":0,"parent":0,"menu_order":0,"comment_status":"closed","ping_status":"closed","template":"page-templates\/template-pagebuilder-full-width.php","meta":{"neve_meta_sidebar":"","neve_meta_container":"","neve_meta_enable_content_width":"off","neve_meta_content_width":100,"neve_meta_title_alignment":"","neve_meta_author_avatar":"","neve_post_elements_order":"","neve_meta_disable_header":"","neve_meta_disable_footer":"","neve_meta_disable_title":"","footnotes":""},"class_list":["post-20","page","type-page","status-publish","hentry"],"_links":{"self":[{"href":"https:\/\/greennewhome.erasmus.site\/es\/wp-json\/wp\/v2\/pages\/20","targetHints":{"allow":["GET"]}}],"collection":[{"href":"https:\/\/greennewhome.erasmus.site\/es\/wp-json\/wp\/v2\/pages"}],"about":[{"href":"https:\/\/greennewhome.erasmus.site\/es\/wp-json\/wp\/v2\/types\/page"}],"author":[{"embeddable":true,"href":"https:\/\/greennewhome.erasmus.site\/es\/wp-json\/wp\/v2\/users\/1"}],"replies":[{"embeddable":true,"href":"https:\/\/greennewhome.erasmus.site\/es\/wp-json\/wp\/v2\/comments?post=20"}],"version-history":[{"count":89,"href":"https:\/\/greennewhome.erasmus.site\/es\/wp-json\/wp\/v2\/pages\/20\/revisions"}],"predecessor-version":[{"id":210,"href":"https:\/\/greennewhome.erasmus.site\/es\/wp-json\/wp\/v2\/pages\/20\/revisions\/210"}],"wp:attachment":[{"href":"https:\/\/greennewhome.erasmus.site\/es\/wp-json\/wp\/v2\/media?parent=20"}],"curies":[{"name":"wp","href":"https:\/\/api.w.org\/{rel}","templated":true}]}}