{"id":20,"date":"2025-07-09T09:24:31","date_gmt":"2025-07-09T09:24:31","guid":{"rendered":"https:\/\/greennewhome.erasmus.site\/?page_id=20"},"modified":"2025-11-05T09:16:48","modified_gmt":"2025-11-05T09:16:48","slug":"home","status":"publish","type":"page","link":"https:\/\/greennewhome.erasmus.site\/de\/","title":{"rendered":"Home"},"content":{"rendered":"\t\t<div data-elementor-type=\"wp-page\" data-elementor-id=\"20\" class=\"elementor elementor-20\">\n\t\t\t\t<div class=\"elementor-element elementor-element-a2e8895 e-flex e-con-boxed elementor-invisible e-con e-parent\" data-id=\"a2e8895\" data-element_type=\"container\" data-e-type=\"container\" data-settings=\"{&quot;background_background&quot;:&quot;classic&quot;,&quot;animation&quot;:&quot;fadeIn&quot;}\">\n\t\t\t\t\t<div class=\"e-con-inner\">\n\t\t<div class=\"elementor-element elementor-element-062648b e-con-full e-flex e-con e-child\" data-id=\"062648b\" data-element_type=\"container\" data-e-type=\"container\" data-settings=\"{&quot;background_background&quot;:&quot;classic&quot;}\">\n\t\t\t\t<div class=\"elementor-element elementor-element-cb84da4 elementor-widget elementor-widget-heading\" data-id=\"cb84da4\" data-element_type=\"widget\" data-e-type=\"widget\" data-widget_type=\"heading.default\">\n\t\t\t\t\t<h1 class=\"elementor-heading-title elementor-size-default\">Green New Home<\/h1>\t\t\t\t<\/div>\n\t\t\t\t<div class=\"elementor-element elementor-element-64e10b7 elementor-widget elementor-widget-text-editor\" data-id=\"64e10b7\" data-element_type=\"widget\" data-e-type=\"widget\" data-widget_type=\"text-editor.default\">\n\t\t\t\t\t\t\t\t\t<p>Themenfeld: Erwachsenenbildung<br \/>Projektnummer: 2024-1-DE02-KA220-ADU-000244995<br \/>Project duration: 01.11.2024 \u2013 31.10.2026<\/p>\t\t\t\t\t\t\t\t<\/div>\n\t\t\t\t<\/div>\n\t\t\t\t\t<\/div>\n\t\t\t\t<\/div>\n\t\t<div class=\"elementor-element elementor-element-76cfb72 e-flex e-con-boxed elementor-invisible e-con e-parent\" data-id=\"76cfb72\" data-element_type=\"container\" data-e-type=\"container\" data-settings=\"{&quot;animation&quot;:&quot;fadeInLeft&quot;}\">\n\t\t\t\t\t<div class=\"e-con-inner\">\n\t\t<div class=\"elementor-element elementor-element-cac2436 e-con-full e-flex e-con e-child\" data-id=\"cac2436\" data-element_type=\"container\" data-e-type=\"container\">\n\t\t\t\t<div class=\"elementor-element elementor-element-1c292c3 elementor-widget elementor-widget-menu-anchor\" data-id=\"1c292c3\" data-element_type=\"widget\" data-e-type=\"widget\" data-widget_type=\"menu-anchor.default\">\n\t\t\t\t\t\t\t<div class=\"elementor-menu-anchor\" id=\"about\"><\/div>\n\t\t\t\t\t\t<\/div>\n\t\t\t\t<div class=\"elementor-element elementor-element-cbee891 elementor-widget elementor-widget-heading\" data-id=\"cbee891\" data-element_type=\"widget\" data-e-type=\"widget\" data-widget_type=\"heading.default\">\n\t\t\t\t\t<h2 class=\"elementor-heading-title elementor-size-default\">\u00dcber das Projekt<\/h2>\t\t\t\t<\/div>\n\t\t\t\t<div class=\"elementor-element elementor-element-fc95b54 elementor-widget elementor-widget-text-editor\" data-id=\"fc95b54\" data-element_type=\"widget\" data-e-type=\"widget\" data-widget_type=\"text-editor.default\">\n\t\t\t\t\t\t\t\t\t<p>Das Projekt Green New Home unterst\u00fctzt die soziale und wirtschaftliche Inklusion benachteiligter Erwachsener, insbesondere von Migrantinnen und Gefl\u00fcchteten, indem es nachhaltiges Unternehmertum f\u00f6rdert und umweltverantwortliches Verhalten st\u00e4rkt. Angesichts des wachsenden Bedarfs an Klimaschutzma\u00dfnahmen und Integrationsunterst\u00fctzung zielt das Projekt darauf ab, Lernende mit den Schl\u00fcsselkompetenzen, Werten und der Motivation auszustatten, die notwendig sind, um aktiv an einer gr\u00fcnen Wirtschaft teilzunehmen. Gleichzeitig st\u00e4rkt es die F\u00e4higkeit von Erwachsenenbildnerinnen, effektive, inklusive Schulungen anzubieten, die auf die tats\u00e4chlichen Bed\u00fcrfnisse einer vielf\u00e4ltigen Lernendenschaft eingehen. Durch die Kombination forschungsbasierter Erkenntnisse mit innovativen Bildungsans\u00e4tzen und sektor\u00fcbergreifender Zusammenarbeit tr\u00e4gt Green New Home dazu bei, st\u00e4rkere und widerstandsf\u00e4higere Gemeinschaften aufzubauen, die darauf vorbereitet sind, die Herausforderungen von Nachhaltigkeit und sozialem Zusammenhalt zu meistern.<\/p>\t\t\t\t\t\t\t\t<\/div>\n\t\t\t\t<\/div>\n\t\t<div class=\"elementor-element elementor-element-a4d560f e-con-full e-flex e-con e-child\" data-id=\"a4d560f\" data-element_type=\"container\" data-e-type=\"container\">\n\t\t\t\t<div class=\"elementor-element elementor-element-b1d72db elementor-widget elementor-widget-image\" data-id=\"b1d72db\" data-element_type=\"widget\" data-e-type=\"widget\" data-widget_type=\"image.default\">\n\t\t\t\t\t\t\t\t\t\t\t\t\t\t\t<img fetchpriority=\"high\" decoding=\"async\" width=\"1024\" height=\"683\" src=\"https:\/\/greennewhome.erasmus.site\/wp-content\/uploads\/2025\/07\/grupa-biznesowa-omawiajaca-polityke-przyjaznego-dla-srodowiska-gospodarowania-odpadami-scaled-1024x683.webp\" class=\"attachment-large size-large wp-image-29\" alt=\"\" srcset=\"https:\/\/greennewhome.erasmus.site\/wp-content\/uploads\/2025\/07\/grupa-biznesowa-omawiajaca-polityke-przyjaznego-dla-srodowiska-gospodarowania-odpadami-scaled-1024x683.webp 1024w, https:\/\/greennewhome.erasmus.site\/wp-content\/uploads\/2025\/07\/grupa-biznesowa-omawiajaca-polityke-przyjaznego-dla-srodowiska-gospodarowania-odpadami-scaled-300x200.webp 300w, https:\/\/greennewhome.erasmus.site\/wp-content\/uploads\/2025\/07\/grupa-biznesowa-omawiajaca-polityke-przyjaznego-dla-srodowiska-gospodarowania-odpadami-scaled-768x512.webp 768w, https:\/\/greennewhome.erasmus.site\/wp-content\/uploads\/2025\/07\/grupa-biznesowa-omawiajaca-polityke-przyjaznego-dla-srodowiska-gospodarowania-odpadami-scaled-1536x1024.webp 1536w, https:\/\/greennewhome.erasmus.site\/wp-content\/uploads\/2025\/07\/grupa-biznesowa-omawiajaca-polityke-przyjaznego-dla-srodowiska-gospodarowania-odpadami-scaled-2048x1366.webp 2048w, https:\/\/greennewhome.erasmus.site\/wp-content\/uploads\/2025\/07\/grupa-biznesowa-omawiajaca-polityke-przyjaznego-dla-srodowiska-gospodarowania-odpadami-scaled-930x620.webp 930w, https:\/\/greennewhome.erasmus.site\/wp-content\/uploads\/2025\/07\/grupa-biznesowa-omawiajaca-polityke-przyjaznego-dla-srodowiska-gospodarowania-odpadami-scaled-24x16.webp 24w, https:\/\/greennewhome.erasmus.site\/wp-content\/uploads\/2025\/07\/grupa-biznesowa-omawiajaca-polityke-przyjaznego-dla-srodowiska-gospodarowania-odpadami-scaled-36x24.webp 36w, https:\/\/greennewhome.erasmus.site\/wp-content\/uploads\/2025\/07\/grupa-biznesowa-omawiajaca-polityke-przyjaznego-dla-srodowiska-gospodarowania-odpadami-scaled-48x32.webp 48w\" sizes=\"(max-width: 1024px) 100vw, 1024px\" \/>\t\t\t\t\t\t\t\t\t\t\t\t\t\t\t<\/div>\n\t\t\t\t<\/div>\n\t\t\t\t\t<\/div>\n\t\t\t\t<\/div>\n\t\t<div class=\"elementor-element elementor-element-d940b0c e-flex e-con-boxed elementor-invisible e-con e-parent\" data-id=\"d940b0c\" data-element_type=\"container\" data-e-type=\"container\" data-settings=\"{&quot;animation&quot;:&quot;fadeInRight&quot;}\">\n\t\t\t\t\t<div class=\"e-con-inner\">\n\t\t\t\t<div class=\"elementor-element elementor-element-e74f280 elementor-widget elementor-widget-menu-anchor\" data-id=\"e74f280\" data-element_type=\"widget\" data-e-type=\"widget\" data-widget_type=\"menu-anchor.default\">\n\t\t\t\t\t\t\t<div class=\"elementor-menu-anchor\" id=\"results\"><\/div>\n\t\t\t\t\t\t<\/div>\n\t\t<div class=\"elementor-element elementor-element-a1390e7 e-flex e-con-boxed e-con e-child\" data-id=\"a1390e7\" data-element_type=\"container\" data-e-type=\"container\">\n\t\t\t\t\t<div class=\"e-con-inner\">\n\t\t\t\t<div class=\"elementor-element elementor-element-c3bd809 elementor-widget elementor-widget-heading\" data-id=\"c3bd809\" data-element_type=\"widget\" data-e-type=\"widget\" data-widget_type=\"heading.default\">\n\t\t\t\t\t<h2 class=\"elementor-heading-title elementor-size-default\">Projektergebnisse<\/h2>\t\t\t\t<\/div>\n\t\t\t\t\t<\/div>\n\t\t\t\t<\/div>\n\t\t\t\t<div class=\"elementor-element elementor-element-7e9e080 elementor-tabs-view-horizontal elementor-widget elementor-widget-tabs\" data-id=\"7e9e080\" data-element_type=\"widget\" data-e-type=\"widget\" data-widget_type=\"tabs.default\">\n\t\t\t\t\t\t\t<div class=\"elementor-tabs\">\n\t\t\t<div class=\"elementor-tabs-wrapper\" role=\"tablist\" >\n\t\t\t\t\t\t\t\t\t<div id=\"elementor-tab-title-1321\" class=\"elementor-tab-title elementor-tab-desktop-title\" aria-selected=\"true\" data-tab=\"1\" role=\"tab\" tabindex=\"0\" aria-controls=\"elementor-tab-content-1321\" aria-expanded=\"false\">Definition von Kernkompetenzen und F\u00e4higkeiten<\/div>\n\t\t\t\t\t\t\t\t\t<div id=\"elementor-tab-title-1322\" class=\"elementor-tab-title elementor-tab-desktop-title\" aria-selected=\"false\" data-tab=\"2\" role=\"tab\" tabindex=\"-1\" aria-controls=\"elementor-tab-content-1322\" aria-expanded=\"false\">Assessment- und Trainingsraum (ATS)<\/div>\n\t\t\t\t\t\t\t\t\t<div id=\"elementor-tab-title-1323\" class=\"elementor-tab-title elementor-tab-desktop-title\" aria-selected=\"false\" data-tab=\"3\" role=\"tab\" tabindex=\"-1\" aria-controls=\"elementor-tab-content-1323\" aria-expanded=\"false\">Personalisierte Strategie-App f\u00fcr Mobilger\u00e4te<\/div>\n\t\t\t\t\t\t\t<\/div>\n\t\t\t<div class=\"elementor-tabs-content-wrapper\" role=\"tablist\" aria-orientation=\"vertical\">\n\t\t\t\t\t\t\t\t\t<div class=\"elementor-tab-title elementor-tab-mobile-title\" aria-selected=\"true\" data-tab=\"1\" role=\"tab\" tabindex=\"0\" aria-controls=\"elementor-tab-content-1321\" aria-expanded=\"false\">Definition von Kernkompetenzen und F\u00e4higkeiten<\/div>\n\t\t\t\t\t<div id=\"elementor-tab-content-1321\" class=\"elementor-tab-content elementor-clearfix\" data-tab=\"1\" role=\"tabpanel\" aria-labelledby=\"elementor-tab-title-1321\" tabindex=\"0\" hidden=\"false\"><p>Ein umfassender Rahmen, der durch einen dreistufigen Forschungsprozess entwickelt wurde, um die Schl\u00fcsselkompetenzen zu identifizieren, die Migrantinnen und Gefl\u00fcchtete ben\u00f6tigen, um erfolgreiche nachhaltige Unternehmerinnen zu werden. Dieses Ergebnis stellt sicher, dass alle Trainings und Werkzeuge auf realen Bed\u00fcrfnissen und aktuellen Arbeitsmarktanforderungen im Bereich des gr\u00fcnen Unternehmertums basieren. Zudem dient es als gemeinsamer Referenzpunkt f\u00fcr Lehrkr\u00e4fte und Organisationen, die die Qualifizierung benachteiligter Lernender unterst\u00fctzen.<\/p><\/div>\n\t\t\t\t\t\t\t\t\t<div class=\"elementor-tab-title elementor-tab-mobile-title\" aria-selected=\"false\" data-tab=\"2\" role=\"tab\" tabindex=\"-1\" aria-controls=\"elementor-tab-content-1322\" aria-expanded=\"false\">Assessment- und Trainingsraum (ATS)<\/div>\n\t\t\t\t\t<div id=\"elementor-tab-content-1322\" class=\"elementor-tab-content elementor-clearfix\" data-tab=\"2\" role=\"tabpanel\" aria-labelledby=\"elementor-tab-title-1322\" tabindex=\"0\" hidden=\"hidden\"><p>Eine Online-Plattform, die Lernenden erm\u00f6glicht, ihre aktuellen F\u00e4higkeiten einzusch\u00e4tzen und gezielte Schulungen basierend auf den definierten Kompetenzen zu absolvieren. Sie bietet eine flexible und inklusive Lernumgebung, in der die Nutzer*innen in ihrem eigenen Tempo und entsprechend ihren individuellen Bed\u00fcrfnissen lernen k\u00f6nnen. Der ATS f\u00f6rdert Eigenst\u00e4ndigkeit und Selbstvertrauen und hilft den Lernenden, sich aktiv in ihre pers\u00f6nliche und berufliche Entwicklung einzubringen.<\/p><\/div>\n\t\t\t\t\t\t\t\t\t<div class=\"elementor-tab-title elementor-tab-mobile-title\" aria-selected=\"false\" data-tab=\"3\" role=\"tab\" tabindex=\"-1\" aria-controls=\"elementor-tab-content-1323\" aria-expanded=\"false\">Personalisierte Strategie-App f\u00fcr Mobilger\u00e4te<\/div>\n\t\t\t\t\t<div id=\"elementor-tab-content-1323\" class=\"elementor-tab-content elementor-clearfix\" data-tab=\"3\" role=\"tabpanel\" aria-labelledby=\"elementor-tab-title-1323\" tabindex=\"0\" hidden=\"hidden\"><p>Eine benutzerfreundliche mobile Anwendung, die Lernende dabei unterst\u00fctzt, ihre eigene Strategie f\u00fcr nachhaltiges Unternehmertum zu entwickeln. Die App bef\u00e4higt die Nutzer*innen, fundierte Entscheidungen zu treffen und konkrete Schritte zur Gr\u00fcndung und F\u00fchrung eines gr\u00fcnen Unternehmens zu unternehmen. Sie unterst\u00fctzt lebenslanges Lernen, indem sie kontinuierliche Selbstreflexion und langfristige Zielsetzung f\u00f6rdert.<\/p><\/div>\n\t\t\t\t\t\t\t<\/div>\n\t\t<\/div>\n\t\t\t\t\t\t<\/div>\n\t\t\t\t\t<\/div>\n\t\t\t\t<\/div>\n\t\t<div class=\"elementor-element elementor-element-d38ecd0 e-flex e-con-boxed elementor-invisible e-con e-parent\" data-id=\"d38ecd0\" data-element_type=\"container\" data-e-type=\"container\" data-settings=\"{&quot;animation&quot;:&quot;fadeInRight&quot;}\">\n\t\t\t\t\t<div class=\"e-con-inner\">\n\t\t\t\t<div class=\"elementor-element elementor-element-3e79527 elementor-widget elementor-widget-menu-anchor\" data-id=\"3e79527\" data-element_type=\"widget\" data-e-type=\"widget\" data-widget_type=\"menu-anchor.default\">\n\t\t\t\t\t\t\t<div class=\"elementor-menu-anchor\" id=\"partners\"><\/div>\n\t\t\t\t\t\t<\/div>\n\t\t\t\t<div class=\"elementor-element elementor-element-a0d7e0e elementor-widget elementor-widget-heading\" data-id=\"a0d7e0e\" data-element_type=\"widget\" data-e-type=\"widget\" data-widget_type=\"heading.default\">\n\t\t\t\t\t<h2 class=\"elementor-heading-title elementor-size-default\">Partnerschaft<\/h2>\t\t\t\t<\/div>\n\t\t\t\t\t<\/div>\n\t\t\t\t<\/div>\n\t\t<div class=\"elementor-element elementor-element-2adaa58 e-grid e-con-boxed elementor-invisible e-con e-parent\" data-id=\"2adaa58\" data-element_type=\"container\" data-e-type=\"container\" data-settings=\"{&quot;animation&quot;:&quot;fadeInLeft&quot;}\">\n\t\t\t\t\t<div class=\"e-con-inner\">\n\t\t\t\t<div class=\"elementor-element elementor-element-2a9d451 elementor-widget elementor-widget-text-editor\" data-id=\"2a9d451\" data-element_type=\"widget\" data-e-type=\"widget\" data-widget_type=\"text-editor.default\">\n\t\t\t\t\t\t\t\t\t\r\n\t<div class=\"paoc-image-popup\">\r\n\t\t<a class=\"paoc-popup-click paoc-popup-cust-54 paoc-popup-image paoc-popup-image\" href=\"javascript:void(0);\"><img decoding=\"async\" class=\"popupaoc-img\" src=\"https:\/\/greennewhome.erasmus.site\/wp-content\/uploads\/2025\/07\/ib.webp\" alt=\"\" \/><\/a>\r\n\r\n\t\t\t<\/div>\r\n\r\n\t\t\t\t\t\t\t\t<\/div>\n\t\t\t\t<div class=\"elementor-element elementor-element-75b642d elementor-widget elementor-widget-text-editor\" data-id=\"75b642d\" data-element_type=\"widget\" data-e-type=\"widget\" data-widget_type=\"text-editor.default\">\n\t\t\t\t\t\t\t\t\t\r\n\t<div class=\"paoc-image-popup\">\r\n\t\t<a class=\"paoc-popup-click paoc-popup-cust-59 paoc-popup-image paoc-popup-image\" href=\"javascript:void(0);\"><img decoding=\"async\" class=\"popupaoc-img\" src=\"https:\/\/greennewhome.erasmus.site\/wp-content\/uploads\/2025\/07\/danmar.webp\" alt=\"\" \/><\/a>\r\n\r\n\t\t\t<\/div>\r\n\r\n\t\t\t\t\t\t\t\t<\/div>\n\t\t\t\t<div class=\"elementor-element elementor-element-df303b6 elementor-widget elementor-widget-text-editor\" data-id=\"df303b6\" data-element_type=\"widget\" data-e-type=\"widget\" data-widget_type=\"text-editor.default\">\n\t\t\t\t\t\t\t\t\t\r\n\t<div class=\"paoc-image-popup\">\r\n\t\t<a class=\"paoc-popup-click paoc-popup-cust-64 paoc-popup-image paoc-popup-image\" href=\"javascript:void(0);\"><img decoding=\"async\" class=\"popupaoc-img\" src=\"https:\/\/greennewhome.erasmus.site\/wp-content\/uploads\/2025\/07\/innoeusaphiere.webp\" alt=\"\" \/><\/a>\r\n\r\n\t\t\t<\/div>\r\n\r\n\t\t\t\t\t\t\t\t<\/div>\n\t\t\t\t\t<\/div>\n\t\t\t\t<\/div>\n\t\t<div class=\"elementor-element elementor-element-2f821cb e-grid e-con-boxed elementor-invisible e-con e-parent\" data-id=\"2f821cb\" data-element_type=\"container\" data-e-type=\"container\" data-settings=\"{&quot;animation&quot;:&quot;fadeInRight&quot;}\">\n\t\t\t\t\t<div class=\"e-con-inner\">\n\t\t\t\t<div class=\"elementor-element elementor-element-935e55e elementor-widget elementor-widget-text-editor\" data-id=\"935e55e\" data-element_type=\"widget\" data-e-type=\"widget\" data-widget_type=\"text-editor.default\">\n\t\t\t\t\t\t\t\t\t\r\n\t<div class=\"paoc-image-popup\">\r\n\t\t<a class=\"paoc-popup-click paoc-popup-cust-69 paoc-popup-image paoc-popup-image\" href=\"javascript:void(0);\"><img decoding=\"async\" class=\"popupaoc-img\" src=\"https:\/\/greennewhome.erasmus.site\/wp-content\/uploads\/2025\/07\/kainotomia.webp\" alt=\"\" \/><\/a>\r\n\r\n\t\t\t<\/div>\r\n\r\n\t\t\t\t\t\t\t\t<\/div>\n\t\t\t\t<div class=\"elementor-element elementor-element-9fae424 elementor-widget elementor-widget-text-editor\" data-id=\"9fae424\" data-element_type=\"widget\" data-e-type=\"widget\" data-widget_type=\"text-editor.default\">\n\t\t\t\t\t\t\t\t\t\r\n\t<div class=\"paoc-image-popup\">\r\n\t\t<a class=\"paoc-popup-click paoc-popup-cust-74 paoc-popup-image paoc-popup-image\" href=\"javascript:void(0);\"><img decoding=\"async\" class=\"popupaoc-img\" src=\"https:\/\/greennewhome.erasmus.site\/wp-content\/uploads\/2025\/07\/land.webp\" alt=\"\" \/><\/a>\r\n\r\n\t\t\t<\/div>\r\n\r\n\t\t\t\t\t\t\t\t<\/div>\n\t\t\t\t<div class=\"elementor-element elementor-element-8b1e8b4 elementor-widget elementor-widget-text-editor\" data-id=\"8b1e8b4\" data-element_type=\"widget\" data-e-type=\"widget\" data-widget_type=\"text-editor.default\">\n\t\t\t\t\t\t\t\t\t\r\n\t<div class=\"paoc-image-popup\">\r\n\t\t<a class=\"paoc-popup-click paoc-popup-cust-79 paoc-popup-image paoc-popup-image\" href=\"javascript:void(0);\"><img decoding=\"async\" class=\"popupaoc-img\" src=\"https:\/\/greennewhome.erasmus.site\/wp-content\/uploads\/2025\/07\/susic.webp\" alt=\"\" \/><\/a>\r\n\r\n\t\t\t<\/div>\r\n\r\n\t\t\t\t\t\t\t\t<\/div>\n\t\t\t\t\t<\/div>\n\t\t\t\t<\/div>\n\t\t<div class=\"elementor-element elementor-element-b515722 e-flex e-con-boxed e-con e-parent\" data-id=\"b515722\" data-element_type=\"container\" data-e-type=\"container\">\n\t\t\t\t\t<div class=\"e-con-inner\">\n\t\t\t\t\t<\/div>\n\t\t\t\t<\/div>\n\t\t\t\t<\/div>\n\t\t","protected":false},"excerpt":{"rendered":"<p>Green New Home Themenfeld: ErwachsenenbildungProjektnummer: 2024-1-DE02-KA220-ADU-000244995Project duration: 01.11.2024 \u2013 31.10.2026 \u00dcber das Projekt Das Projekt Green New Home unterst\u00fctzt die soziale und wirtschaftliche Inklusion benachteiligter Erwachsener, insbesondere von Migrantinnen und Gefl\u00fcchteten, indem es nachhaltiges Unternehmertum f\u00f6rdert und umweltverantwortliches Verhalten st\u00e4rkt. Angesichts des wachsenden Bedarfs an Klimaschutzma\u00dfnahmen und Integrationsunterst\u00fctzung zielt das Projekt darauf ab, Lernende mit&hellip;&nbsp;<\/p>\n","protected":false},"author":1,"featured_media":0,"parent":0,"menu_order":0,"comment_status":"closed","ping_status":"closed","template":"page-templates\/template-pagebuilder-full-width.php","meta":{"neve_meta_sidebar":"","neve_meta_container":"","neve_meta_enable_content_width":"off","neve_meta_content_width":100,"neve_meta_title_alignment":"","neve_meta_author_avatar":"","neve_post_elements_order":"","neve_meta_disable_header":"","neve_meta_disable_footer":"","neve_meta_disable_title":"","footnotes":""},"class_list":["post-20","page","type-page","status-publish","hentry"],"_links":{"self":[{"href":"https:\/\/greennewhome.erasmus.site\/de\/wp-json\/wp\/v2\/pages\/20","targetHints":{"allow":["GET"]}}],"collection":[{"href":"https:\/\/greennewhome.erasmus.site\/de\/wp-json\/wp\/v2\/pages"}],"about":[{"href":"https:\/\/greennewhome.erasmus.site\/de\/wp-json\/wp\/v2\/types\/page"}],"author":[{"embeddable":true,"href":"https:\/\/greennewhome.erasmus.site\/de\/wp-json\/wp\/v2\/users\/1"}],"replies":[{"embeddable":true,"href":"https:\/\/greennewhome.erasmus.site\/de\/wp-json\/wp\/v2\/comments?post=20"}],"version-history":[{"count":89,"href":"https:\/\/greennewhome.erasmus.site\/de\/wp-json\/wp\/v2\/pages\/20\/revisions"}],"predecessor-version":[{"id":210,"href":"https:\/\/greennewhome.erasmus.site\/de\/wp-json\/wp\/v2\/pages\/20\/revisions\/210"}],"wp:attachment":[{"href":"https:\/\/greennewhome.erasmus.site\/de\/wp-json\/wp\/v2\/media?parent=20"}],"curies":[{"name":"wp","href":"https:\/\/api.w.org\/{rel}","templated":true}]}}